{"id":15,"date":"2023-03-22T21:58:17","date_gmt":"2023-03-22T21:58:17","guid":{"rendered":"https:\/\/gokartsmarmenor.es\/?page_id=15"},"modified":"2023-07-10T23:55:00","modified_gmt":"2023-07-10T23:55:00","slug":"tarjeta-de-estudiante","status":"publish","type":"page","link":"https:\/\/gokartsmarmenor.es\/en\/tarjeta-de-estudiante\/","title":{"rendered":"TIU STUDENT CARD"},"content":{"rendered":"<div data-elementor-type=\"wp-page\" data-elementor-id=\"15\" class=\"elementor elementor-15\" data-elementor-post-type=\"page\">\n\t\t\t\t<div class=\"elementor-element elementor-element-2ca1ceb e-flex e-con-boxed e-con e-parent\" data-id=\"2ca1ceb\" data-element_type=\"container\" data-e-type=\"container\" data-settings=\"{&quot;background_background&quot;:&quot;classic&quot;}\">\n\t\t\t\t\t<div class=\"e-con-inner\">\n\t\t<div class=\"elementor-element elementor-element-143af1d e-flex e-con-boxed e-con e-parent\" data-id=\"143af1d\" data-element_type=\"container\" data-e-type=\"container\">\n\t\t\t\t\t<div class=\"e-con-inner\">\n\t\t\t\t<div class=\"elementor-element elementor-element-33286c1 elementor-headline--style-rotate elementor-widget elementor-widget-animated-headline\" data-id=\"33286c1\" data-element_type=\"widget\" data-e-type=\"widget\" data-settings=\"{&quot;headline_style&quot;:&quot;rotate&quot;,&quot;rotating_text&quot;:&quot;ESTUDIANTE TIU&quot;,&quot;animation_type&quot;:&quot;typing&quot;,&quot;rotate_iteration_delay&quot;:2500}\" data-no-translation=\"\" data-widget_type=\"animated-headline.default\">\n\t\t\t\t<div class=\"elementor-widget-container\">\n\t\t\t\t\t<style>.elementor-element-33286c1{display:none !important}<\/style>\t\t\t\t<\/div>\n\t\t\t\t<\/div>\n\t\t\t\t<div class=\"elementor-element elementor-element-286e2bf elementor-headline--style-rotate elementor-widget elementor-widget-animated-headline\" data-id=\"286e2bf\" data-element_type=\"widget\" data-e-type=\"widget\" data-settings=\"{&quot;headline_style&quot;:&quot;rotate&quot;,&quot;rotating_text&quot;:&quot;STUDENT CARD&quot;,&quot;animation_type&quot;:&quot;typing&quot;,&quot;rotate_iteration_delay&quot;:2500}\" data-no-translation=\"\" data-widget_type=\"animated-headline.default\">\n\t\t\t\t<div class=\"elementor-widget-container\">\n\t\t\t\t\t\t\t<h3 class=\"elementor-headline elementor-headline-animation-type-typing elementor-headline-letters\">\n\t\t\t\t\t<span class=\"elementor-headline-plain-text elementor-headline-text-wrapper\">TIU<\/span>\n\t\t\t\t<span class=\"elementor-headline-dynamic-wrapper elementor-headline-text-wrapper\">\n\t\t\t\t\t<span class=\"elementor-headline-dynamic-text elementor-headline-text-active\">\n\t\t\t\tSTUDENT&nbsp;CARD\t\t\t<\/span>\n\t\t\t\t\t\t<\/span>\n\t\t\t\t<\/h3>\n\t\t\t\t\t\t<\/div>\n\t\t\t\t<\/div>\n\t\t\t\t<div class=\"elementor-element elementor-element-273bf40 elementor-widget elementor-widget-heading\" data-id=\"273bf40\" data-element_type=\"widget\" data-e-type=\"widget\" data-widget_type=\"heading.default\">\n\t\t\t\t<div class=\"elementor-widget-container\">\n\t\t\t\t\t<div class=\"elementor-heading-title elementor-size-default\">Special discounts for university students!<\/div>\t\t\t\t<\/div>\n\t\t\t\t<\/div>\n\t\t\t\t\t<\/div>\n\t\t\t\t<\/div>\n\t\t\t\t\t<\/div>\n\t\t\t\t<\/div>\n\t\t<div class=\"elementor-element elementor-element-62ef044 e-con-full e-flex e-con e-parent\" data-id=\"62ef044\" data-element_type=\"container\" data-e-type=\"container\" data-settings=\"{&quot;background_background&quot;:&quot;classic&quot;}\">\n\t\t<div class=\"elementor-element elementor-element-ac96aad e-con-full e-flex e-con e-parent\" data-id=\"ac96aad\" data-element_type=\"container\" data-e-type=\"container\" data-settings=\"{&quot;background_background&quot;:&quot;classic&quot;}\">\n\t\t\t\t<\/div>\n\t\t<div class=\"elementor-element elementor-element-77c5417 e-con-full e-flex e-con e-parent\" data-id=\"77c5417\" data-element_type=\"container\" data-e-type=\"container\">\n\t\t\t\t<div class=\"elementor-element elementor-element-2c26945 elementor-widget elementor-widget-text-editor\" data-id=\"2c26945\" data-element_type=\"widget\" data-e-type=\"widget\" data-widget_type=\"text-editor.default\">\n\t\t\t\t<div class=\"elementor-widget-container\">\n\t\t\t\t\t\t\t\t\t<p><strong>How does it work?<\/strong><\/p><p>When you show your <span style=\"color: #f7bf16;\"> university student card<\/span>, you will get a <span style=\"color: #f7bf16;\">10% discount<\/span> on the cost of your ticket.<\/p><p><strong>Who is it for?<\/strong><\/p><p>For <span style=\"color: #f7bf16;\">university students.<\/span><\/p><p><strong>How can I take advantage of it?<\/strong><\/p><p>When you go to buy your ticket, show your card to our staff and they will give you the discount.<\/p>\t\t\t\t\t\t\t\t<\/div>\n\t\t\t\t<\/div>\n\t\t\t\t<div class=\"elementor-element elementor-element-4e1a475 elementor-widget elementor-widget-heading\" data-id=\"4e1a475\" data-element_type=\"widget\" data-e-type=\"widget\" data-widget_type=\"heading.default\">\n\t\t\t\t<div class=\"elementor-widget-container\">\n\t\t\t\t\t<div class=\"elementor-heading-title elementor-size-default\">Conditions. Promotion cannot be combined with other offers and applies exclusively to tickets per person.<\/div>\t\t\t\t<\/div>\n\t\t\t\t<\/div>\n\t\t\t\t<\/div>\n\t\t\t\t<\/div>\n\t\t<div class=\"elementor-element elementor-element-9fe6f34 e-flex e-con-boxed e-con e-parent\" data-id=\"9fe6f34\" data-element_type=\"container\" data-e-type=\"container\" data-settings=\"{&quot;background_background&quot;:&quot;classic&quot;}\">\n\t\t\t\t\t<div class=\"e-con-inner\">\n\t\t\t\t<div class=\"elementor-element elementor-element-6364463 elementor-widget elementor-widget-template\" data-id=\"6364463\" data-element_type=\"widget\" data-e-type=\"widget\" data-widget_type=\"template.default\">\n\t\t\t\t<div class=\"elementor-widget-container\">\n\t\t\t\t\t\t\t<div class=\"elementor-template\">\n\t\t\t\t\t<div data-elementor-type=\"container\" data-elementor-id=\"448\" class=\"elementor elementor-448\" data-elementor-post-type=\"elementor_library\">\n\t\t\t\t<div class=\"elementor-element elementor-element-c396f50 e-flex e-con-boxed e-con e-parent\" data-id=\"c396f50\" data-element_type=\"container\" data-e-type=\"container\" data-settings=\"{&quot;background_background&quot;:&quot;classic&quot;}\">\n\t\t\t\t\t<div class=\"e-con-inner\">\n\t\t<div class=\"elementor-element elementor-element-25f23d60 e-con-full e-flex e-con e-parent\" data-id=\"25f23d60\" data-element_type=\"container\" data-e-type=\"container\">\n\t\t\t\t<div class=\"elementor-element elementor-element-3d2c1cb7 elementor-widget elementor-widget-heading\" data-id=\"3d2c1cb7\" data-element_type=\"widget\" data-e-type=\"widget\" data-widget_type=\"heading.default\">\n\t\t\t\t<div class=\"elementor-widget-container\">\n\t\t\t\t\t<h2 class=\"elementor-heading-title elementor-size-default\">ENJOY THE BEST GO-KARTING EXPERIENCE IN THE ENTIRE REGION OF MURCIA<\/h2>\t\t\t\t<\/div>\n\t\t\t\t<\/div>\n\t\t\t\t<\/div>\n\t\t<div class=\"elementor-element elementor-element-35f539d0 e-con-full e-flex e-con e-parent\" data-id=\"35f539d0\" data-element_type=\"container\" data-e-type=\"container\">\n\t\t\t\t<div class=\"elementor-element elementor-element-1f942330 elementor-align-right elementor-mobile-align-center elementor-widget elementor-widget-button\" data-id=\"1f942330\" data-element_type=\"widget\" data-e-type=\"widget\" data-widget_type=\"button.default\">\n\t\t\t\t<div class=\"elementor-widget-container\">\n\t\t\t\t\t\t\t\t\t<div class=\"elementor-button-wrapper\">\n\t\t\t\t\t<a class=\"elementor-button elementor-button-link elementor-size-sm\" href=\"https:\/\/gokartsmarmenor.es\/en\/reservas\/\">\n\t\t\t\t\t\t<span class=\"elementor-button-content-wrapper\">\n\t\t\t\t\t\t\t\t\t<span class=\"elementor-button-text\">BUY TICKETS<\/span>\n\t\t\t\t\t<\/span>\n\t\t\t\t\t<\/a>\n\t\t\t\t<\/div>\n\t\t\t\t\t\t\t\t<\/div>\n\t\t\t\t<\/div>\n\t\t\t\t<\/div>\n\t\t\t\t\t<\/div>\n\t\t\t\t<\/div>\n\t\t\t\t<\/div>\n\t\t\t\t<\/div>\n\t\t\t\t\t\t<\/div>\n\t\t\t\t<\/div>\n\t\t\t\t\t<\/div>\n\t\t\t\t<\/div>\n\t\t\t\t<\/div>","protected":false},"excerpt":{"rendered":"<p>TARJETA ESTUDIANTE&nbsp;TIU \u00a1Descuentos especiales para universitarios! \u00bfEn qu\u00e9 consiste? Al presentar tu carnet de estudiante universitario, recibir\u00e1s un descuento de 10% en el coste de tu ticket. \u00bfPara qui\u00e9n es? Para estudiantes universitarios. \u00bfC\u00f3mo puedo aprovecharme? Cuando vayas a comprar tu ticket, muestra tu carnet a nuestro personal y te aplicar\u00e1n el descuento. Condiciones. Promoci\u00f3n [&hellip;]<\/p>\n","protected":false},"author":1,"featured_media":0,"parent":0,"menu_order":0,"comment_status":"closed","ping_status":"closed","template":"","meta":{"site-sidebar-layout":"no-sidebar","site-content-layout":"page-builder","ast-site-content-layout":"default","site-content-style":"default","site-sidebar-style":"default","ast-global-header-display":"","ast-banner-title-visibility":"","ast-main-header-display":"","ast-hfb-above-header-display":"","ast-hfb-below-header-display":"","ast-hfb-mobile-header-display":"","site-post-title":"disabled","ast-breadcrumbs-content":"","ast-featured-img":"disabled","footer-sml-layout":"","ast-disable-related-posts":"","theme-transparent-header-meta":"","adv-header-id-meta":"","stick-header-meta":"","header-above-stick-meta":"","header-main-stick-meta":"","header-below-stick-meta":"","astra-migrate-meta-layouts":"default","ast-page-background-enabled":"default","ast-page-background-meta":{"desktop":{"background-color":"var(--ast-global-color-4)","background-image":"","background-repeat":"repeat","background-position":"center center","background-size":"auto","background-attachment":"scroll","background-type":"","background-media":"","overlay-type":"","overlay-color":"","overlay-opacity":"","overlay-gradient":""},"tablet":{"background-color":"","background-image":"","background-repeat":"repeat","background-position":"center center","background-size":"auto","background-attachment":"scroll","background-type":"","background-media":"","overlay-type":"","overlay-color":"","overlay-opacity":"","overlay-gradient":""},"mobile":{"background-color":"","background-image":"","background-repeat":"repeat","background-position":"center center","background-size":"auto","background-attachment":"scroll","background-type":"","background-media":"","overlay-type":"","overlay-color":"","overlay-opacity":"","overlay-gradient":""}},"ast-content-background-meta":{"desktop":{"background-color":"var(--ast-global-color-5)","background-image":"","background-repeat":"repeat","background-position":"center center","background-size":"auto","background-attachment":"scroll","background-type":"","background-media":"","overlay-type":"","overlay-color":"","overlay-opacity":"","overlay-gradient":""},"tablet":{"background-color":"var(--ast-global-color-5)","background-image":"","background-repeat":"repeat","background-position":"center center","background-size":"auto","background-attachment":"scroll","background-type":"","background-media":"","overlay-type":"","overlay-color":"","overlay-opacity":"","overlay-gradient":""},"mobile":{"background-color":"var(--ast-global-color-5)","background-image":"","background-repeat":"repeat","background-position":"center center","background-size":"auto","background-attachment":"scroll","background-type":"","background-media":"","overlay-type":"","overlay-color":"","overlay-opacity":"","overlay-gradient":""}},"footnotes":""},"class_list":["post-15","page","type-page","status-publish","hentry"],"yoast_head":"<!-- This site is optimized with the Yoast SEO plugin v27.3 - https:\/\/yoast.com\/product\/yoast-seo-wordpress\/ -->\n<title>Tarjeta de Estudiante TIU - Go-Karts Mar Menor<\/title>\n<meta name=\"robots\" content=\"index, follow, max-snippet:-1, max-image-preview:large, max-video-preview:-1\" \/>\n<link rel=\"canonical\" href=\"https:\/\/gokartsmarmenor.es\/en\/tarjeta-de-estudiante\/\" \/>\n<meta property=\"og:locale\" content=\"en_GB\" \/>\n<meta property=\"og:type\" content=\"article\" \/>\n<meta property=\"og:title\" content=\"Tarjeta de Estudiante TIU - Go-Karts Mar Menor\" \/>\n<meta property=\"og:description\" content=\"TARJETA ESTUDIANTE&nbsp;TIU \u00a1Descuentos especiales para universitarios! \u00bfEn qu\u00e9 consiste? Al presentar tu carnet de estudiante universitario, recibir\u00e1s un descuento de 10% en el coste de tu ticket. \u00bfPara qui\u00e9n es? Para estudiantes universitarios. \u00bfC\u00f3mo puedo aprovecharme? Cuando vayas a comprar tu ticket, muestra tu carnet a nuestro personal y te aplicar\u00e1n el descuento. Condiciones. Promoci\u00f3n [&hellip;]\" \/>\n<meta property=\"og:url\" content=\"https:\/\/gokartsmarmenor.es\/en\/tarjeta-de-estudiante\/\" \/>\n<meta property=\"og:site_name\" content=\"Go-Karts Mar Menor\" \/>\n<meta property=\"article:modified_time\" content=\"2023-07-10T23:55:00+00:00\" \/>\n<meta name=\"twitter:card\" content=\"summary_large_image\" \/>\n<meta name=\"twitter:label1\" content=\"Estimated reading time\" \/>\n\t<meta name=\"twitter:data1\" content=\"1 minute\" \/>\n<script type=\"application\/ld+json\" class=\"yoast-schema-graph\">{\"@context\":\"https:\\\/\\\/schema.org\",\"@graph\":[{\"@type\":\"WebPage\",\"@id\":\"https:\\\/\\\/gokartsmarmenor.es\\\/tarjeta-de-estudiante\\\/\",\"url\":\"https:\\\/\\\/gokartsmarmenor.es\\\/tarjeta-de-estudiante\\\/\",\"name\":\"Tarjeta de Estudiante TIU - Go-Karts Mar Menor\",\"isPartOf\":{\"@id\":\"https:\\\/\\\/gokartsmarmenor.es\\\/#website\"},\"datePublished\":\"2023-03-22T21:58:17+00:00\",\"dateModified\":\"2023-07-10T23:55:00+00:00\",\"breadcrumb\":{\"@id\":\"https:\\\/\\\/gokartsmarmenor.es\\\/tarjeta-de-estudiante\\\/#breadcrumb\"},\"inLanguage\":\"en-GB\",\"potentialAction\":[{\"@type\":\"ReadAction\",\"target\":[\"https:\\\/\\\/gokartsmarmenor.es\\\/tarjeta-de-estudiante\\\/\"]}]},{\"@type\":\"BreadcrumbList\",\"@id\":\"https:\\\/\\\/gokartsmarmenor.es\\\/tarjeta-de-estudiante\\\/#breadcrumb\",\"itemListElement\":[{\"@type\":\"ListItem\",\"position\":1,\"name\":\"Portada\",\"item\":\"https:\\\/\\\/gokartsmarmenor.es\\\/\"},{\"@type\":\"ListItem\",\"position\":2,\"name\":\"Tarjeta de Estudiante TIU\"}]},{\"@type\":\"WebSite\",\"@id\":\"https:\\\/\\\/gokartsmarmenor.es\\\/#website\",\"url\":\"https:\\\/\\\/gokartsmarmenor.es\\\/\",\"name\":\"Go-Karts Mar Menor\",\"description\":\"El mayor Karting de la Regi&oacute;n de Murcia\",\"publisher\":{\"@id\":\"https:\\\/\\\/gokartsmarmenor.es\\\/#organization\"},\"potentialAction\":[{\"@type\":\"SearchAction\",\"target\":{\"@type\":\"EntryPoint\",\"urlTemplate\":\"https:\\\/\\\/gokartsmarmenor.es\\\/?s={search_term_string}\"},\"query-input\":{\"@type\":\"PropertyValueSpecification\",\"valueRequired\":true,\"valueName\":\"search_term_string\"}}],\"inLanguage\":\"en-GB\"},{\"@type\":\"Organization\",\"@id\":\"https:\\\/\\\/gokartsmarmenor.es\\\/#organization\",\"name\":\"Go-Karts Mar Menor\",\"url\":\"https:\\\/\\\/gokartsmarmenor.es\\\/\",\"logo\":{\"@type\":\"ImageObject\",\"inLanguage\":\"en-GB\",\"@id\":\"https:\\\/\\\/gokartsmarmenor.es\\\/#\\\/schema\\\/logo\\\/image\\\/\",\"url\":\"https:\\\/\\\/gokartsmarmenor.es\\\/wp-content\\\/uploads\\\/2023\\\/03\\\/LOGO-GO-KARTS-MAR-MENOR.png\",\"contentUrl\":\"https:\\\/\\\/gokartsmarmenor.es\\\/wp-content\\\/uploads\\\/2023\\\/03\\\/LOGO-GO-KARTS-MAR-MENOR.png\",\"width\":500,\"height\":423,\"caption\":\"Go-Karts Mar Menor\"},\"image\":{\"@id\":\"https:\\\/\\\/gokartsmarmenor.es\\\/#\\\/schema\\\/logo\\\/image\\\/\"}}]}<\/script>\n<!-- \/ Yoast SEO plugin. -->","yoast_head_json":{"title":"Tarjeta de Estudiante TIU - Go-Karts Mar Menor","robots":{"index":"index","follow":"follow","max-snippet":"max-snippet:-1","max-image-preview":"max-image-preview:large","max-video-preview":"max-video-preview:-1"},"canonical":"https:\/\/gokartsmarmenor.es\/en\/tarjeta-de-estudiante\/","og_locale":"en_GB","og_type":"article","og_title":"Tarjeta de Estudiante TIU - Go-Karts Mar Menor","og_description":"TARJETA ESTUDIANTE&nbsp;TIU \u00a1Descuentos especiales para universitarios! \u00bfEn qu\u00e9 consiste? Al presentar tu carnet de estudiante universitario, recibir\u00e1s un descuento de 10% en el coste de tu ticket. \u00bfPara qui\u00e9n es? Para estudiantes universitarios. \u00bfC\u00f3mo puedo aprovecharme? Cuando vayas a comprar tu ticket, muestra tu carnet a nuestro personal y te aplicar\u00e1n el descuento. Condiciones. Promoci\u00f3n [&hellip;]","og_url":"https:\/\/gokartsmarmenor.es\/en\/tarjeta-de-estudiante\/","og_site_name":"Go-Karts Mar Menor","article_modified_time":"2023-07-10T23:55:00+00:00","twitter_card":"summary_large_image","twitter_misc":{"Estimated reading time":"1 minute"},"schema":{"@context":"https:\/\/schema.org","@graph":[{"@type":"WebPage","@id":"https:\/\/gokartsmarmenor.es\/tarjeta-de-estudiante\/","url":"https:\/\/gokartsmarmenor.es\/tarjeta-de-estudiante\/","name":"Tarjeta de Estudiante TIU - Go-Karts Mar Menor","isPartOf":{"@id":"https:\/\/gokartsmarmenor.es\/#website"},"datePublished":"2023-03-22T21:58:17+00:00","dateModified":"2023-07-10T23:55:00+00:00","breadcrumb":{"@id":"https:\/\/gokartsmarmenor.es\/tarjeta-de-estudiante\/#breadcrumb"},"inLanguage":"en-GB","potentialAction":[{"@type":"ReadAction","target":["https:\/\/gokartsmarmenor.es\/tarjeta-de-estudiante\/"]}]},{"@type":"BreadcrumbList","@id":"https:\/\/gokartsmarmenor.es\/tarjeta-de-estudiante\/#breadcrumb","itemListElement":[{"@type":"ListItem","position":1,"name":"Portada","item":"https:\/\/gokartsmarmenor.es\/"},{"@type":"ListItem","position":2,"name":"Tarjeta de Estudiante TIU"}]},{"@type":"WebSite","@id":"https:\/\/gokartsmarmenor.es\/#website","url":"https:\/\/gokartsmarmenor.es\/","name":"Go-Karts Mar Menor","description":"El mayor Karting de la Regi&oacute;n de Murcia","publisher":{"@id":"https:\/\/gokartsmarmenor.es\/#organization"},"potentialAction":[{"@type":"SearchAction","target":{"@type":"EntryPoint","urlTemplate":"https:\/\/gokartsmarmenor.es\/?s={search_term_string}"},"query-input":{"@type":"PropertyValueSpecification","valueRequired":true,"valueName":"search_term_string"}}],"inLanguage":"en-GB"},{"@type":"Organization","@id":"https:\/\/gokartsmarmenor.es\/#organization","name":"Go-Karts Mar Menor","url":"https:\/\/gokartsmarmenor.es\/","logo":{"@type":"ImageObject","inLanguage":"en-GB","@id":"https:\/\/gokartsmarmenor.es\/#\/schema\/logo\/image\/","url":"https:\/\/gokartsmarmenor.es\/wp-content\/uploads\/2023\/03\/LOGO-GO-KARTS-MAR-MENOR.png","contentUrl":"https:\/\/gokartsmarmenor.es\/wp-content\/uploads\/2023\/03\/LOGO-GO-KARTS-MAR-MENOR.png","width":500,"height":423,"caption":"Go-Karts Mar Menor"},"image":{"@id":"https:\/\/gokartsmarmenor.es\/#\/schema\/logo\/image\/"}}]}},"_links":{"self":[{"href":"https:\/\/gokartsmarmenor.es\/en\/wp-json\/wp\/v2\/pages\/15","targetHints":{"allow":["GET"]}}],"collection":[{"href":"https:\/\/gokartsmarmenor.es\/en\/wp-json\/wp\/v2\/pages"}],"about":[{"href":"https:\/\/gokartsmarmenor.es\/en\/wp-json\/wp\/v2\/types\/page"}],"author":[{"embeddable":true,"href":"https:\/\/gokartsmarmenor.es\/en\/wp-json\/wp\/v2\/users\/1"}],"replies":[{"embeddable":true,"href":"https:\/\/gokartsmarmenor.es\/en\/wp-json\/wp\/v2\/comments?post=15"}],"version-history":[{"count":47,"href":"https:\/\/gokartsmarmenor.es\/en\/wp-json\/wp\/v2\/pages\/15\/revisions"}],"predecessor-version":[{"id":5443,"href":"https:\/\/gokartsmarmenor.es\/en\/wp-json\/wp\/v2\/pages\/15\/revisions\/5443"}],"wp:attachment":[{"href":"https:\/\/gokartsmarmenor.es\/en\/wp-json\/wp\/v2\/media?parent=15"}],"curies":[{"name":"wp","href":"https:\/\/api.w.org\/{rel}","templated":true}]}}