{"id":1679,"date":"2023-06-26T23:35:39","date_gmt":"2023-06-26T23:35:39","guid":{"rendered":"https:\/\/gokartsmarmenor.es\/?page_id=1679"},"modified":"2023-06-26T23:35:39","modified_gmt":"2023-06-26T23:35:39","slug":"aviso-legal","status":"publish","type":"page","link":"https:\/\/gokartsmarmenor.es\/en\/aviso-legal\/","title":{"rendered":"Legal Notice"},"content":{"rendered":"<p>Informaci\u00f3n en cumplimiento de lo establecido en la Ley 34\/2002, de 11 de julio, de servicios de la sociedad de la informaci\u00f3n y de comercio electr\u00f3nico<\/p>\n\n\n\n<p>En cumplimiento de lo establecido en el art\u00edculo 10 de la Ley 34\/2002, de 11 de julio, de Servicios de la Sociedad de la Informaci\u00f3n y de Comercio Electr\u00f3nico (en adelante, LSSI-CE), se informa de modo expreso, preciso e inequ\u00edvoco, tanto a los destinatarios del servicio como a los \u00f3rganos competentes, de los siguientes aspectos relativos al prestador de servicios de la sociedad de la informaci\u00f3n:<\/p>\n\n\n\n<ul class=\"wp-block-list\">\n<li>Nuestra denominaci\u00f3n:&nbsp;<strong>GO-KARTS MAR MENOR S.L.<\/strong><\/li>\n\n\n\n<li>Nuestro CIF \/ NIF:&nbsp;<strong>B73562720<\/strong><\/li>\n\n\n\n<li>Nuestra actividad principal:<strong>&nbsp;Alquiler de circuito y de karts<\/strong><\/li>\n\n\n\n<li>Nuestra direcci\u00f3n:&nbsp;<strong>Santiago de la Ribera-Los Narejos, Km. 3,700, CP 30720, San Javier (Murcia)<\/strong><\/li>\n\n\n\n<li>Nuestro tel\u00e9fono de contacto:&nbsp;<strong>868104550<\/strong><\/li>\n\n\n\n<li>Nuestra direcci\u00f3n de correo electr\u00f3nico de contacto:&nbsp;<strong>info@gokartsmarmenor.com<\/strong><\/li>\n\n\n\n<li>Nuestra p\u00e1gina web:&nbsp;<strong>gokartsmarmenor.com<\/strong><\/li>\n\n\n\n<li>Para su confianza y seguridad, le informamos que somos una entidad inscrita en el siguiente Registro Mercantil \/Registro P\u00fablico:&nbsp;<strong>XXXXXXXX<\/strong><\/li>\n<\/ul>\n\n\n\n<p>El c\u00f3digo fuente, los dise\u00f1os gr\u00e1ficos, las im\u00e1genes, las fotograf\u00edas, los sonidos, las animaciones, el software, los textos, as\u00ed como la informaci\u00f3n y los contenidos que se recogen en el presente sitio web est\u00e1n protegidos por la legislaci\u00f3n espa\u00f1ola sobre los derechos de propiedad intelectual e industrial a favor de GO-KARTS MAR MENOR S.L. y no se permite la reproducci\u00f3n y\/o publicaci\u00f3n, total o parcial, del sitio web, ni su tratamiento inform\u00e1tico, su distribuci\u00f3n, su difusi\u00f3n, ni su modificaci\u00f3n, transformaci\u00f3n o descompilaci\u00f3n, ni dem\u00e1s derechos reconocidos legalmente a su titular, sin el permiso previo y por escrito del mismo, GO-KARTS MAR MENOR S.L.<\/p>\n\n\n\n<p>El usuario, \u00fanica y exclusivamente, puede utilizar el material que aparezca en este sitio web para su uso personal y privado, quedando prohibido su uso con fines comerciales o para incurrir en actividades il\u00edcitas. Todos los derechos derivados de la propiedad intelectual est\u00e1n expresamente reservados por GO-KARTS MAR MENOR S.L.<\/p>\n\n\n\n<p>GO-KARTS MAR MENOR S.L. velar\u00e1 por el cumplimiento de las anteriores condiciones como por la debida utilizaci\u00f3n de los contenidos presentados en sus p\u00e1ginas web, ejercitando todas las acciones civiles y penales que le correspondan en el caso de infracci\u00f3n o incumplimiento de estos derechos por parte del usuario.<\/p>\n\n\n\n<ul class=\"wp-block-list\">\n<li>Protecci\u00f3n de datos de car\u00e1cter personal<\/li>\n<\/ul>\n\n\n\n<p>En el marco del cumplimiento de la legislaci\u00f3n vigente, recogida en el Reglamento 2016\/679 del Parlamento Europeo y del Consejo, de 27 de abril de 2016, relativo a la protecci\u00f3n de las personas f\u00edsicas en lo que respecta al tratamiento de datos personales y a la libre circulaci\u00f3n de estos datos y por el que se deroga la Directiva 95\/46\/CE (Reglamento General de Protecci\u00f3n de Datos) y la Ley Org\u00e1nica 3\/2018, de 5 de diciembre, sobre Protecci\u00f3n de Datos de Car\u00e1cter Personal (LOPD-GDD), cuyo objeto es garantizar y proteger, en lo que concierne al tratamiento de los datos personales, las libertades y derechos fundamentales de las personas f\u00edsicas, y especialmente de su honor e intimidad personal.<\/p>\n\n\n\n<ul class=\"wp-block-list\">\n<li>Varios<\/li>\n<\/ul>\n\n\n\n<p>A.- GO-KARTS MAR MENOR S.L. podr\u00e1 modificar, sin previo aviso, la informaci\u00f3n contenida en su sitio web, as\u00ed como su configuraci\u00f3n y presentaci\u00f3n.<\/p>\n\n\n\n<p>B.- GO-KARTS MAR MENOR S.L. se compromete a trav\u00e9s de este medio a NO REALIZAR PUBLICIDAD ENGA\u00d1OSA. A estos efectos, por lo tanto, no ser\u00e1n considerados como publicidad enga\u00f1osa los errores formales o num\u00e9ricos que puedan encontrarse a lo largo del contenido de las distintas secciones de la web de GO-KARTS MAR MENOR S.L.., producidos como consecuencia de un mantenimiento y\/o actualizaci\u00f3n incompleta o defectuosa de la informaci\u00f3n contenida es estas secciones. GO-KARTS MAR MENOR S.L., como consecuencia de lo dispuesto en este apartado, se compromete a corregirlo tan pronto como tenga conocimiento de dichos errores.<\/p>\n\n\n\n<p>C.- GO-KARTS MAR MENOR S.L. se compromete a NO REMITIR COMUNICACIONES COMERCIALES SIN IDENTIFICARLAS COMO TALES, conforme a lo dispuesto en la Ley 34\/2002 de Servicios de la Sociedad de la Informaci\u00f3n y de comercio electr\u00f3nico. A estos efectos no ser\u00e1 considerado como comunicaci\u00f3n comercial toda la informaci\u00f3n que se env\u00ede A LOS CLIENTES de GO-KARTS MAR MENOR S.L. siempre que tenga por finalidad el mantenimiento de la relaci\u00f3n contractual existente entre cliente y GO-KARTS MAR MENOR S.L., as\u00ed como el desempe\u00f1o de las tareas de informaci\u00f3n, formaci\u00f3n y otras actividades propias del servicio que el cliente tiene contratado con la empresa.<\/p>\n\n\n\n<p>D.- GO-KARTS MAR MENOR S.L. no se hace responsable del incumplimiento de cualquier norma aplicable en que pueda incurrir el usuario en su acceso al sitio web el presente sitio web y\/o en el uso de las informaciones contenidas en el mismo.<\/p>\n\n\n\n<p>E.- GO-KARTS MAR MENOR S.L. no ser\u00e1 responsable de los da\u00f1os y perjuicios producidos o que puedan producirse, cualquiera que sea su naturaleza, que se deriven del uso de la informaci\u00f3n, de las materias contenidas en este web site y de los programas que incorpora. Los enlaces (Links) e hipertexto que posibiliten, a trav\u00e9s del sitio web el presente sitio web, acceder al usuario a prestaciones y servicios ofrecidos por terceros, no pertenecen ni se encuentran bajo el control de GO-KARTS MAR MENOR S.L.; dicha entidad no se hace responsable ni de la informaci\u00f3n contenida en los mismos ni de cualesquiera efectos que pudieran derivarse de dicha informaci\u00f3n.<\/p>\n\n\n\n<p>F.- GO-KARTS MAR MENOR S.L. no se hace responsable del uso ileg\u00edtimo que terceras personas puedan hacer de los nombres de marca, nombres de producto, marcas comerciales que, no siendo propiedad de dicha entidad, aparezcan en el presente sitio web. Tampoco se responsabiliza de la integridad, veracidad y licitud del contenido de los enlaces a las webs a las que pueda accederse desde el presente sitio web.<\/p>\n\n\n\n<p>G.- En definitiva, el Usuario es el \u00fanico responsable del uso que realice de los servicios, contenidos, enlaces (links) e hipertexto incluidos en el sitio web el presente sitio web.<\/p>","protected":false},"excerpt":{"rendered":"<p>Informaci\u00f3n en cumplimiento de lo establecido en la Ley 34\/2002, de 11 de julio, de servicios de la sociedad de la informaci\u00f3n y de comercio electr\u00f3nico En cumplimiento de lo establecido en el art\u00edculo 10 de la Ley 34\/2002, de 11 de julio, de Servicios de la Sociedad de la Informaci\u00f3n y de Comercio Electr\u00f3nico [&hellip;]<\/p>","protected":false},"author":1,"featured_media":0,"parent":0,"menu_order":0,"comment_status":"closed","ping_status":"closed","template":"","meta":{"site-sidebar-layout":"default","site-content-layout":"","ast-site-content-layout":"","site-content-style":"default","site-sidebar-style":"default","ast-global-header-display":"","ast-banner-title-visibility":"","ast-main-header-display":"","ast-hfb-above-header-display":"","ast-hfb-below-header-display":"","ast-hfb-mobile-header-display":"","site-post-title":"","ast-breadcrumbs-content":"","ast-featured-img":"","footer-sml-layout":"","theme-transparent-header-meta":"","adv-header-id-meta":"","stick-header-meta":"","header-above-stick-meta":"","header-main-stick-meta":"","header-below-stick-meta":"","astra-migrate-meta-layouts":"default","ast-page-background-enabled":"default","ast-page-background-meta":{"desktop":{"background-color":"var(--ast-global-color-4)","background-image":"","background-repeat":"repeat","background-position":"center center","background-size":"auto","background-attachment":"scroll","background-type":"","background-media":"","overlay-type":"","overlay-color":"","overlay-opacity":"","overlay-gradient":""},"tablet":{"background-color":"","background-image":"","background-repeat":"repeat","background-position":"center center","background-size":"auto","background-attachment":"scroll","background-type":"","background-media":"","overlay-type":"","overlay-color":"","overlay-opacity":"","overlay-gradient":""},"mobile":{"background-color":"","background-image":"","background-repeat":"repeat","background-position":"center center","background-size":"auto","background-attachment":"scroll","background-type":"","background-media":"","overlay-type":"","overlay-color":"","overlay-opacity":"","overlay-gradient":""}},"ast-content-background-meta":{"desktop":{"background-color":"var(--ast-global-color-5)","background-image":"","background-repeat":"repeat","background-position":"center center","background-size":"auto","background-attachment":"scroll","background-type":"","background-media":"","overlay-type":"","overlay-color":"","overlay-opacity":"","overlay-gradient":""},"tablet":{"background-color":"var(--ast-global-color-5)","background-image":"","background-repeat":"repeat","background-position":"center center","background-size":"auto","background-attachment":"scroll","background-type":"","background-media":"","overlay-type":"","overlay-color":"","overlay-opacity":"","overlay-gradient":""},"mobile":{"background-color":"var(--ast-global-color-5)","background-image":"","background-repeat":"repeat","background-position":"center center","background-size":"auto","background-attachment":"scroll","background-type":"","background-media":"","overlay-type":"","overlay-color":"","overlay-opacity":"","overlay-gradient":""}},"footnotes":""},"class_list":["post-1679","page","type-page","status-publish","hentry"],"yoast_head":"<!-- This site is optimized with the Yoast SEO plugin v23.1 - https:\/\/yoast.com\/wordpress\/plugins\/seo\/ -->\n<title>Aviso Legal - Go-Karts Mar Menor<\/title>\n<meta name=\"robots\" content=\"index, follow, max-snippet:-1, max-image-preview:large, max-video-preview:-1\" \/>\n<link rel=\"canonical\" href=\"https:\/\/gokartsmarmenor.es\/en\/aviso-legal\/\" \/>\n<meta property=\"og:locale\" content=\"en_GB\" \/>\n<meta property=\"og:type\" content=\"article\" \/>\n<meta property=\"og:title\" content=\"Aviso Legal - Go-Karts Mar Menor\" \/>\n<meta property=\"og:description\" content=\"Informaci\u00f3n en cumplimiento de lo establecido en la Ley 34\/2002, de 11 de julio, de servicios de la sociedad de la informaci\u00f3n y de comercio electr\u00f3nico En cumplimiento de lo establecido en el art\u00edculo 10 de la Ley 34\/2002, de 11 de julio, de Servicios de la Sociedad de la Informaci\u00f3n y de Comercio Electr\u00f3nico [&hellip;]\" \/>\n<meta property=\"og:url\" content=\"https:\/\/gokartsmarmenor.es\/en\/aviso-legal\/\" \/>\n<meta property=\"og:site_name\" content=\"Go-Karts Mar Menor\" \/>\n<meta name=\"twitter:card\" content=\"summary_large_image\" \/>\n<meta name=\"twitter:label1\" content=\"Estimated reading time\" \/>\n\t<meta name=\"twitter:data1\" content=\"5 minutes\" \/>\n<script type=\"application\/ld+json\" class=\"yoast-schema-graph\">{\"@context\":\"https:\/\/schema.org\",\"@graph\":[{\"@type\":\"WebPage\",\"@id\":\"https:\/\/gokartsmarmenor.es\/aviso-legal\/\",\"url\":\"https:\/\/gokartsmarmenor.es\/aviso-legal\/\",\"name\":\"Aviso Legal - Go-Karts Mar Menor\",\"isPartOf\":{\"@id\":\"https:\/\/gokartsmarmenor.es\/#website\"},\"datePublished\":\"2023-06-26T23:35:39+00:00\",\"dateModified\":\"2023-06-26T23:35:39+00:00\",\"breadcrumb\":{\"@id\":\"https:\/\/gokartsmarmenor.es\/aviso-legal\/#breadcrumb\"},\"inLanguage\":\"en-GB\",\"potentialAction\":[{\"@type\":\"ReadAction\",\"target\":[\"https:\/\/gokartsmarmenor.es\/aviso-legal\/\"]}]},{\"@type\":\"BreadcrumbList\",\"@id\":\"https:\/\/gokartsmarmenor.es\/aviso-legal\/#breadcrumb\",\"itemListElement\":[{\"@type\":\"ListItem\",\"position\":1,\"name\":\"Portada\",\"item\":\"https:\/\/gokartsmarmenor.es\/\"},{\"@type\":\"ListItem\",\"position\":2,\"name\":\"Aviso Legal\"}]},{\"@type\":\"WebSite\",\"@id\":\"https:\/\/gokartsmarmenor.es\/#website\",\"url\":\"https:\/\/gokartsmarmenor.es\/\",\"name\":\"Go-Karts Mar Menor\",\"description\":\"El mayor Karting de la Regi&oacute;n de Murcia\",\"publisher\":{\"@id\":\"https:\/\/gokartsmarmenor.es\/#organization\"},\"potentialAction\":[{\"@type\":\"SearchAction\",\"target\":{\"@type\":\"EntryPoint\",\"urlTemplate\":\"https:\/\/gokartsmarmenor.es\/?s={search_term_string}\"},\"query-input\":\"required name=search_term_string\"}],\"inLanguage\":\"en-GB\"},{\"@type\":\"Organization\",\"@id\":\"https:\/\/gokartsmarmenor.es\/#organization\",\"name\":\"Go-Karts Mar Menor\",\"url\":\"https:\/\/gokartsmarmenor.es\/\",\"logo\":{\"@type\":\"ImageObject\",\"inLanguage\":\"en-GB\",\"@id\":\"https:\/\/gokartsmarmenor.es\/#\/schema\/logo\/image\/\",\"url\":\"https:\/\/gokartsmarmenor.es\/wp-content\/uploads\/2023\/03\/LOGO-GO-KARTS-MAR-MENOR.png\",\"contentUrl\":\"https:\/\/gokartsmarmenor.es\/wp-content\/uploads\/2023\/03\/LOGO-GO-KARTS-MAR-MENOR.png\",\"width\":500,\"height\":423,\"caption\":\"Go-Karts Mar Menor\"},\"image\":{\"@id\":\"https:\/\/gokartsmarmenor.es\/#\/schema\/logo\/image\/\"}}]}<\/script>\n<!-- \/ Yoast SEO plugin. -->","yoast_head_json":{"title":"Aviso Legal - Go-Karts Mar Menor","robots":{"index":"index","follow":"follow","max-snippet":"max-snippet:-1","max-image-preview":"max-image-preview:large","max-video-preview":"max-video-preview:-1"},"canonical":"https:\/\/gokartsmarmenor.es\/en\/aviso-legal\/","og_locale":"en_GB","og_type":"article","og_title":"Aviso Legal - Go-Karts Mar Menor","og_description":"Informaci\u00f3n en cumplimiento de lo establecido en la Ley 34\/2002, de 11 de julio, de servicios de la sociedad de la informaci\u00f3n y de comercio electr\u00f3nico En cumplimiento de lo establecido en el art\u00edculo 10 de la Ley 34\/2002, de 11 de julio, de Servicios de la Sociedad de la Informaci\u00f3n y de Comercio Electr\u00f3nico [&hellip;]","og_url":"https:\/\/gokartsmarmenor.es\/en\/aviso-legal\/","og_site_name":"Go-Karts Mar Menor","twitter_card":"summary_large_image","twitter_misc":{"Estimated reading time":"5 minutes"},"schema":{"@context":"https:\/\/schema.org","@graph":[{"@type":"WebPage","@id":"https:\/\/gokartsmarmenor.es\/aviso-legal\/","url":"https:\/\/gokartsmarmenor.es\/aviso-legal\/","name":"Aviso Legal - Go-Karts Mar Menor","isPartOf":{"@id":"https:\/\/gokartsmarmenor.es\/#website"},"datePublished":"2023-06-26T23:35:39+00:00","dateModified":"2023-06-26T23:35:39+00:00","breadcrumb":{"@id":"https:\/\/gokartsmarmenor.es\/aviso-legal\/#breadcrumb"},"inLanguage":"en-GB","potentialAction":[{"@type":"ReadAction","target":["https:\/\/gokartsmarmenor.es\/aviso-legal\/"]}]},{"@type":"BreadcrumbList","@id":"https:\/\/gokartsmarmenor.es\/aviso-legal\/#breadcrumb","itemListElement":[{"@type":"ListItem","position":1,"name":"Portada","item":"https:\/\/gokartsmarmenor.es\/"},{"@type":"ListItem","position":2,"name":"Aviso Legal"}]},{"@type":"WebSite","@id":"https:\/\/gokartsmarmenor.es\/#website","url":"https:\/\/gokartsmarmenor.es\/","name":"Go-Karts Mar Menor","description":"El mayor Karting de la Regi&oacute;n de Murcia","publisher":{"@id":"https:\/\/gokartsmarmenor.es\/#organization"},"potentialAction":[{"@type":"SearchAction","target":{"@type":"EntryPoint","urlTemplate":"https:\/\/gokartsmarmenor.es\/?s={search_term_string}"},"query-input":"required name=search_term_string"}],"inLanguage":"en-GB"},{"@type":"Organization","@id":"https:\/\/gokartsmarmenor.es\/#organization","name":"Go-Karts Mar Menor","url":"https:\/\/gokartsmarmenor.es\/","logo":{"@type":"ImageObject","inLanguage":"en-GB","@id":"https:\/\/gokartsmarmenor.es\/#\/schema\/logo\/image\/","url":"https:\/\/gokartsmarmenor.es\/wp-content\/uploads\/2023\/03\/LOGO-GO-KARTS-MAR-MENOR.png","contentUrl":"https:\/\/gokartsmarmenor.es\/wp-content\/uploads\/2023\/03\/LOGO-GO-KARTS-MAR-MENOR.png","width":500,"height":423,"caption":"Go-Karts Mar Menor"},"image":{"@id":"https:\/\/gokartsmarmenor.es\/#\/schema\/logo\/image\/"}}]}},"_links":{"self":[{"href":"https:\/\/gokartsmarmenor.es\/en\/wp-json\/wp\/v2\/pages\/1679"}],"collection":[{"href":"https:\/\/gokartsmarmenor.es\/en\/wp-json\/wp\/v2\/pages"}],"about":[{"href":"https:\/\/gokartsmarmenor.es\/en\/wp-json\/wp\/v2\/types\/page"}],"author":[{"embeddable":true,"href":"https:\/\/gokartsmarmenor.es\/en\/wp-json\/wp\/v2\/users\/1"}],"replies":[{"embeddable":true,"href":"https:\/\/gokartsmarmenor.es\/en\/wp-json\/wp\/v2\/comments?post=1679"}],"version-history":[{"count":1,"href":"https:\/\/gokartsmarmenor.es\/en\/wp-json\/wp\/v2\/pages\/1679\/revisions"}],"predecessor-version":[{"id":1680,"href":"https:\/\/gokartsmarmenor.es\/en\/wp-json\/wp\/v2\/pages\/1679\/revisions\/1680"}],"wp:attachment":[{"href":"https:\/\/gokartsmarmenor.es\/en\/wp-json\/wp\/v2\/media?parent=1679"}],"curies":[{"name":"wp","href":"https:\/\/api.w.org\/{rel}","templated":true}]}}