{"id":17,"date":"2023-03-22T21:58:31","date_gmt":"2023-03-22T21:58:31","guid":{"rendered":"https:\/\/gokartsmarmenor.es\/?page_id=17"},"modified":"2023-07-11T00:04:06","modified_gmt":"2023-07-11T00:04:06","slug":"dia-del-piloto","status":"publish","type":"page","link":"https:\/\/gokartsmarmenor.es\/en\/dia-del-piloto\/","title":{"rendered":"DRIVER'S DAY"},"content":{"rendered":"<div data-elementor-type=\"wp-page\" data-elementor-id=\"17\" class=\"elementor elementor-17\" data-elementor-post-type=\"page\">\n\t\t\t\t<div class=\"elementor-element elementor-element-ae09cc6 e-flex e-con-boxed e-con e-parent\" data-id=\"ae09cc6\" data-element_type=\"container\" data-e-type=\"container\" data-settings=\"{&quot;background_background&quot;:&quot;classic&quot;}\">\n\t\t\t\t\t<div class=\"e-con-inner\">\n\t\t<div class=\"elementor-element elementor-element-26fe860 e-flex e-con-boxed e-con e-parent\" data-id=\"26fe860\" data-element_type=\"container\" data-e-type=\"container\">\n\t\t\t\t\t<div class=\"e-con-inner\">\n\t\t\t\t<div class=\"elementor-element elementor-element-643433d elementor-headline--style-rotate elementor-widget elementor-widget-animated-headline\" data-id=\"643433d\" data-element_type=\"widget\" data-e-type=\"widget\" data-settings=\"{&quot;headline_style&quot;:&quot;rotate&quot;,&quot;rotating_text&quot;:&quot;PILOTO&quot;,&quot;animation_type&quot;:&quot;typing&quot;,&quot;rotate_iteration_delay&quot;:2500}\" data-no-translation=\"\" data-widget_type=\"animated-headline.default\">\n\t\t\t\t<div class=\"elementor-widget-container\">\n\t\t\t\t\t<style>.elementor-element-643433d{display:none !important}<\/style>\t\t\t\t<\/div>\n\t\t\t\t<\/div>\n\t\t\t\t<div class=\"elementor-element elementor-element-5523535 elementor-headline--style-rotate elementor-widget elementor-widget-animated-headline\" data-id=\"5523535\" data-element_type=\"widget\" data-e-type=\"widget\" data-settings=\"{&quot;headline_style&quot;:&quot;rotate&quot;,&quot;rotating_text&quot;:&quot;DAY&quot;,&quot;animation_type&quot;:&quot;typing&quot;,&quot;rotate_iteration_delay&quot;:2500}\" data-no-translation=\"\" data-widget_type=\"animated-headline.default\">\n\t\t\t\t<div class=\"elementor-widget-container\">\n\t\t\t\t\t\t\t<h3 class=\"elementor-headline elementor-headline-animation-type-typing elementor-headline-letters\">\n\t\t\t\t\t<span class=\"elementor-headline-plain-text elementor-headline-text-wrapper\">DRIVER'S<\/span>\n\t\t\t\t<span class=\"elementor-headline-dynamic-wrapper elementor-headline-text-wrapper\">\n\t\t\t\t\t<span class=\"elementor-headline-dynamic-text elementor-headline-text-active\">\n\t\t\t\tDAY\t\t\t<\/span>\n\t\t\t\t\t\t<\/span>\n\t\t\t\t<\/h3>\n\t\t\t\t\t\t<\/div>\n\t\t\t\t<\/div>\n\t\t\t\t<div class=\"elementor-element elementor-element-7acce67 elementor-widget elementor-widget-heading\" data-id=\"7acce67\" data-element_type=\"widget\" data-e-type=\"widget\" data-widget_type=\"heading.default\">\n\t\t\t\t<div class=\"elementor-widget-container\">\n\t\t\t\t\t<div class=\"elementor-heading-title elementor-size-default\">2 for 1 every Wednesday!<\/div>\t\t\t\t<\/div>\n\t\t\t\t<\/div>\n\t\t\t\t\t<\/div>\n\t\t\t\t<\/div>\n\t\t\t\t\t<\/div>\n\t\t\t\t<\/div>\n\t\t<div class=\"elementor-element elementor-element-85c18a0 e-con-full e-flex e-con e-parent\" data-id=\"85c18a0\" data-element_type=\"container\" data-e-type=\"container\" data-settings=\"{&quot;background_background&quot;:&quot;classic&quot;}\">\n\t\t<div class=\"elementor-element elementor-element-512fd25 e-con-full e-flex e-con e-parent\" data-id=\"512fd25\" data-element_type=\"container\" data-e-type=\"container\" data-settings=\"{&quot;background_background&quot;:&quot;classic&quot;}\">\n\t\t\t\t<\/div>\n\t\t<div class=\"elementor-element elementor-element-a5790ee e-con-full e-flex e-con e-parent\" data-id=\"a5790ee\" data-element_type=\"container\" data-e-type=\"container\">\n\t\t\t\t<div class=\"elementor-element elementor-element-9ffdc8d elementor-widget elementor-widget-text-editor\" data-id=\"9ffdc8d\" data-element_type=\"widget\" data-e-type=\"widget\" data-widget_type=\"text-editor.default\">\n\t\t\t\t<div class=\"elementor-widget-container\">\n\t\t\t\t\t\t\t\t\t<p><strong>How does it work?<\/strong><\/p><p>Every <span style=\"color: #f7bf16;\">Wednesday<\/span> you can get a fantastic<span style=\"color: #f7bf16;\"> 2\u00d71<\/span> on all our go-karting categories, except F-400.<\/p><p class=\"translation-block\">When you buy your ticket, you get double the session time (the 8 min. duration increases to 16 min.).<\/p><p><span style=\"color: #f7bf16;\"><strong>PLEASE NOTE:<\/strong><\/span> This promotion applies only to the person who has purchased the ticket. Even if the time coincides with two sessions, it is NOT equivalent to two tickets and CANNOT be shared with another person without a ticket. Each person who wants to take part in the race must obtain their own ticket.<\/p><p><strong>Who is it for?<\/strong><\/p><p>For <span style=\"color: #f7bf16;\">everyone.<\/span>.<\/p><p><strong>How can I take advantage of it?<\/strong><\/p><p>Come to the track, buy your ticket and your session duration will be automatically increased. It's as easy as that!<\/p>\t\t\t\t\t\t\t\t<\/div>\n\t\t\t\t<\/div>\n\t\t\t\t<div class=\"elementor-element elementor-element-7a99e48 elementor-widget elementor-widget-heading\" data-id=\"7a99e48\" data-element_type=\"widget\" data-e-type=\"widget\" data-widget_type=\"heading.default\">\n\t\t\t\t<div class=\"elementor-widget-container\">\n\t\t\t\t\t<div class=\"elementor-heading-title elementor-size-default\">Conditions. Promotion applied exclusively to tickets per person. Not valid on public holidays, Christmas, Easter, July and August.<\/div>\t\t\t\t<\/div>\n\t\t\t\t<\/div>\n\t\t\t\t<\/div>\n\t\t\t\t<\/div>\n\t\t<div class=\"elementor-element elementor-element-4e56d08 e-flex e-con-boxed e-con e-parent\" data-id=\"4e56d08\" data-element_type=\"container\" data-e-type=\"container\" data-settings=\"{&quot;background_background&quot;:&quot;classic&quot;}\">\n\t\t\t\t\t<div class=\"e-con-inner\">\n\t\t\t\t<div class=\"elementor-element elementor-element-01c49f2 elementor-widget elementor-widget-template\" data-id=\"01c49f2\" data-element_type=\"widget\" data-e-type=\"widget\" data-widget_type=\"template.default\">\n\t\t\t\t<div class=\"elementor-widget-container\">\n\t\t\t\t\t\t\t<div class=\"elementor-template\">\n\t\t\t\t\t<div data-elementor-type=\"container\" data-elementor-id=\"448\" class=\"elementor elementor-448\" data-elementor-post-type=\"elementor_library\">\n\t\t\t\t<div class=\"elementor-element elementor-element-c396f50 e-flex e-con-boxed e-con e-parent\" data-id=\"c396f50\" data-element_type=\"container\" data-e-type=\"container\" data-settings=\"{&quot;background_background&quot;:&quot;classic&quot;}\">\n\t\t\t\t\t<div class=\"e-con-inner\">\n\t\t<div class=\"elementor-element elementor-element-25f23d60 e-con-full e-flex e-con e-parent\" data-id=\"25f23d60\" data-element_type=\"container\" data-e-type=\"container\">\n\t\t\t\t<div class=\"elementor-element elementor-element-3d2c1cb7 elementor-widget elementor-widget-heading\" data-id=\"3d2c1cb7\" data-element_type=\"widget\" data-e-type=\"widget\" data-widget_type=\"heading.default\">\n\t\t\t\t<div class=\"elementor-widget-container\">\n\t\t\t\t\t<h2 class=\"elementor-heading-title elementor-size-default\">ENJOY THE BEST GO-KARTING EXPERIENCE IN THE ENTIRE REGION OF MURCIA<\/h2>\t\t\t\t<\/div>\n\t\t\t\t<\/div>\n\t\t\t\t<\/div>\n\t\t<div class=\"elementor-element elementor-element-35f539d0 e-con-full e-flex e-con e-parent\" data-id=\"35f539d0\" data-element_type=\"container\" data-e-type=\"container\">\n\t\t\t\t<div class=\"elementor-element elementor-element-1f942330 elementor-align-right elementor-mobile-align-center elementor-widget elementor-widget-button\" data-id=\"1f942330\" data-element_type=\"widget\" data-e-type=\"widget\" data-widget_type=\"button.default\">\n\t\t\t\t<div class=\"elementor-widget-container\">\n\t\t\t\t\t\t\t\t\t<div class=\"elementor-button-wrapper\">\n\t\t\t\t\t<a class=\"elementor-button elementor-button-link elementor-size-sm\" href=\"https:\/\/gokartsmarmenor.es\/en\/reservas\/\">\n\t\t\t\t\t\t<span class=\"elementor-button-content-wrapper\">\n\t\t\t\t\t\t\t\t\t<span class=\"elementor-button-text\">BUY TICKETS<\/span>\n\t\t\t\t\t<\/span>\n\t\t\t\t\t<\/a>\n\t\t\t\t<\/div>\n\t\t\t\t\t\t\t\t<\/div>\n\t\t\t\t<\/div>\n\t\t\t\t<\/div>\n\t\t\t\t\t<\/div>\n\t\t\t\t<\/div>\n\t\t\t\t<\/div>\n\t\t\t\t<\/div>\n\t\t\t\t\t\t<\/div>\n\t\t\t\t<\/div>\n\t\t\t\t\t<\/div>\n\t\t\t\t<\/div>\n\t\t\t\t<\/div>","protected":false},"excerpt":{"rendered":"<p>D\u00cdA DEL PILOTO \u00a12\u00d71 todos los mi\u00e9rcoles! \u00bfEn qu\u00e9 consiste? Todos los mi\u00e9rcoles puedes disfrutar de un fant\u00e1stico 2\u00d71 en todas nuestras categor\u00edas de karts, excepto F-400. Cuando compras tu ticket, recibes el doble del tiempo de sesi\u00f3n (la duraci\u00f3n de 8 min. aumenta a 16 min.). IMPORTANTE: Esta promoci\u00f3n se aplica \u00fanicamente a la [&hellip;]<\/p>\n","protected":false},"author":1,"featured_media":0,"parent":0,"menu_order":0,"comment_status":"closed","ping_status":"closed","template":"","meta":{"site-sidebar-layout":"no-sidebar","site-content-layout":"page-builder","ast-site-content-layout":"default","site-content-style":"default","site-sidebar-style":"default","ast-global-header-display":"","ast-banner-title-visibility":"","ast-main-header-display":"","ast-hfb-above-header-display":"","ast-hfb-below-header-display":"","ast-hfb-mobile-header-display":"","site-post-title":"disabled","ast-breadcrumbs-content":"","ast-featured-img":"disabled","footer-sml-layout":"","ast-disable-related-posts":"","theme-transparent-header-meta":"","adv-header-id-meta":"","stick-header-meta":"","header-above-stick-meta":"","header-main-stick-meta":"","header-below-stick-meta":"","astra-migrate-meta-layouts":"default","ast-page-background-enabled":"default","ast-page-background-meta":{"desktop":{"background-color":"var(--ast-global-color-4)","background-image":"","background-repeat":"repeat","background-position":"center center","background-size":"auto","background-attachment":"scroll","background-type":"","background-media":"","overlay-type":"","overlay-color":"","overlay-opacity":"","overlay-gradient":""},"tablet":{"background-color":"","background-image":"","background-repeat":"repeat","background-position":"center center","background-size":"auto","background-attachment":"scroll","background-type":"","background-media":"","overlay-type":"","overlay-color":"","overlay-opacity":"","overlay-gradient":""},"mobile":{"background-color":"","background-image":"","background-repeat":"repeat","background-position":"center center","background-size":"auto","background-attachment":"scroll","background-type":"","background-media":"","overlay-type":"","overlay-color":"","overlay-opacity":"","overlay-gradient":""}},"ast-content-background-meta":{"desktop":{"background-color":"var(--ast-global-color-5)","background-image":"","background-repeat":"repeat","background-position":"center center","background-size":"auto","background-attachment":"scroll","background-type":"","background-media":"","overlay-type":"","overlay-color":"","overlay-opacity":"","overlay-gradient":""},"tablet":{"background-color":"var(--ast-global-color-5)","background-image":"","background-repeat":"repeat","background-position":"center center","background-size":"auto","background-attachment":"scroll","background-type":"","background-media":"","overlay-type":"","overlay-color":"","overlay-opacity":"","overlay-gradient":""},"mobile":{"background-color":"var(--ast-global-color-5)","background-image":"","background-repeat":"repeat","background-position":"center center","background-size":"auto","background-attachment":"scroll","background-type":"","background-media":"","overlay-type":"","overlay-color":"","overlay-opacity":"","overlay-gradient":""}},"footnotes":""},"class_list":["post-17","page","type-page","status-publish","hentry"],"yoast_head":"<!-- This site is optimized with the Yoast SEO plugin v27.3 - https:\/\/yoast.com\/product\/yoast-seo-wordpress\/ -->\n<title>D\u00eda del Piloto - Go-Karts Mar Menor<\/title>\n<meta name=\"robots\" content=\"index, follow, max-snippet:-1, max-image-preview:large, max-video-preview:-1\" \/>\n<link rel=\"canonical\" href=\"https:\/\/gokartsmarmenor.es\/en\/dia-del-piloto\/\" \/>\n<meta property=\"og:locale\" content=\"en_GB\" \/>\n<meta property=\"og:type\" content=\"article\" \/>\n<meta property=\"og:title\" content=\"D\u00eda del Piloto - Go-Karts Mar Menor\" \/>\n<meta property=\"og:description\" content=\"D\u00cdA DEL PILOTO \u00a12\u00d71 todos los mi\u00e9rcoles! \u00bfEn qu\u00e9 consiste? Todos los mi\u00e9rcoles puedes disfrutar de un fant\u00e1stico 2\u00d71 en todas nuestras categor\u00edas de karts, excepto F-400. Cuando compras tu ticket, recibes el doble del tiempo de sesi\u00f3n (la duraci\u00f3n de 8 min. aumenta a 16 min.). IMPORTANTE: Esta promoci\u00f3n se aplica \u00fanicamente a la [&hellip;]\" \/>\n<meta property=\"og:url\" content=\"https:\/\/gokartsmarmenor.es\/en\/dia-del-piloto\/\" \/>\n<meta property=\"og:site_name\" content=\"Go-Karts Mar Menor\" \/>\n<meta property=\"article:modified_time\" content=\"2023-07-11T00:04:06+00:00\" \/>\n<meta name=\"twitter:card\" content=\"summary_large_image\" \/>\n<meta name=\"twitter:label1\" content=\"Estimated reading time\" \/>\n\t<meta name=\"twitter:data1\" content=\"1 minute\" \/>\n<script type=\"application\/ld+json\" class=\"yoast-schema-graph\">{\"@context\":\"https:\\\/\\\/schema.org\",\"@graph\":[{\"@type\":\"WebPage\",\"@id\":\"https:\\\/\\\/gokartsmarmenor.es\\\/dia-del-piloto\\\/\",\"url\":\"https:\\\/\\\/gokartsmarmenor.es\\\/dia-del-piloto\\\/\",\"name\":\"D\u00eda del Piloto - Go-Karts Mar Menor\",\"isPartOf\":{\"@id\":\"https:\\\/\\\/gokartsmarmenor.es\\\/#website\"},\"datePublished\":\"2023-03-22T21:58:31+00:00\",\"dateModified\":\"2023-07-11T00:04:06+00:00\",\"breadcrumb\":{\"@id\":\"https:\\\/\\\/gokartsmarmenor.es\\\/dia-del-piloto\\\/#breadcrumb\"},\"inLanguage\":\"en-GB\",\"potentialAction\":[{\"@type\":\"ReadAction\",\"target\":[\"https:\\\/\\\/gokartsmarmenor.es\\\/dia-del-piloto\\\/\"]}]},{\"@type\":\"BreadcrumbList\",\"@id\":\"https:\\\/\\\/gokartsmarmenor.es\\\/dia-del-piloto\\\/#breadcrumb\",\"itemListElement\":[{\"@type\":\"ListItem\",\"position\":1,\"name\":\"Portada\",\"item\":\"https:\\\/\\\/gokartsmarmenor.es\\\/\"},{\"@type\":\"ListItem\",\"position\":2,\"name\":\"D\u00eda del Piloto\"}]},{\"@type\":\"WebSite\",\"@id\":\"https:\\\/\\\/gokartsmarmenor.es\\\/#website\",\"url\":\"https:\\\/\\\/gokartsmarmenor.es\\\/\",\"name\":\"Go-Karts Mar Menor\",\"description\":\"El mayor Karting de la Regi&oacute;n de Murcia\",\"publisher\":{\"@id\":\"https:\\\/\\\/gokartsmarmenor.es\\\/#organization\"},\"potentialAction\":[{\"@type\":\"SearchAction\",\"target\":{\"@type\":\"EntryPoint\",\"urlTemplate\":\"https:\\\/\\\/gokartsmarmenor.es\\\/?s={search_term_string}\"},\"query-input\":{\"@type\":\"PropertyValueSpecification\",\"valueRequired\":true,\"valueName\":\"search_term_string\"}}],\"inLanguage\":\"en-GB\"},{\"@type\":\"Organization\",\"@id\":\"https:\\\/\\\/gokartsmarmenor.es\\\/#organization\",\"name\":\"Go-Karts Mar Menor\",\"url\":\"https:\\\/\\\/gokartsmarmenor.es\\\/\",\"logo\":{\"@type\":\"ImageObject\",\"inLanguage\":\"en-GB\",\"@id\":\"https:\\\/\\\/gokartsmarmenor.es\\\/#\\\/schema\\\/logo\\\/image\\\/\",\"url\":\"https:\\\/\\\/gokartsmarmenor.es\\\/wp-content\\\/uploads\\\/2023\\\/03\\\/LOGO-GO-KARTS-MAR-MENOR.png\",\"contentUrl\":\"https:\\\/\\\/gokartsmarmenor.es\\\/wp-content\\\/uploads\\\/2023\\\/03\\\/LOGO-GO-KARTS-MAR-MENOR.png\",\"width\":500,\"height\":423,\"caption\":\"Go-Karts Mar Menor\"},\"image\":{\"@id\":\"https:\\\/\\\/gokartsmarmenor.es\\\/#\\\/schema\\\/logo\\\/image\\\/\"}}]}<\/script>\n<!-- \/ Yoast SEO plugin. -->","yoast_head_json":{"title":"D\u00eda del Piloto - Go-Karts Mar Menor","robots":{"index":"index","follow":"follow","max-snippet":"max-snippet:-1","max-image-preview":"max-image-preview:large","max-video-preview":"max-video-preview:-1"},"canonical":"https:\/\/gokartsmarmenor.es\/en\/dia-del-piloto\/","og_locale":"en_GB","og_type":"article","og_title":"D\u00eda del Piloto - Go-Karts Mar Menor","og_description":"D\u00cdA DEL PILOTO \u00a12\u00d71 todos los mi\u00e9rcoles! \u00bfEn qu\u00e9 consiste? Todos los mi\u00e9rcoles puedes disfrutar de un fant\u00e1stico 2\u00d71 en todas nuestras categor\u00edas de karts, excepto F-400. Cuando compras tu ticket, recibes el doble del tiempo de sesi\u00f3n (la duraci\u00f3n de 8 min. aumenta a 16 min.). IMPORTANTE: Esta promoci\u00f3n se aplica \u00fanicamente a la [&hellip;]","og_url":"https:\/\/gokartsmarmenor.es\/en\/dia-del-piloto\/","og_site_name":"Go-Karts Mar Menor","article_modified_time":"2023-07-11T00:04:06+00:00","twitter_card":"summary_large_image","twitter_misc":{"Estimated reading time":"1 minute"},"schema":{"@context":"https:\/\/schema.org","@graph":[{"@type":"WebPage","@id":"https:\/\/gokartsmarmenor.es\/dia-del-piloto\/","url":"https:\/\/gokartsmarmenor.es\/dia-del-piloto\/","name":"D\u00eda del Piloto - Go-Karts Mar Menor","isPartOf":{"@id":"https:\/\/gokartsmarmenor.es\/#website"},"datePublished":"2023-03-22T21:58:31+00:00","dateModified":"2023-07-11T00:04:06+00:00","breadcrumb":{"@id":"https:\/\/gokartsmarmenor.es\/dia-del-piloto\/#breadcrumb"},"inLanguage":"en-GB","potentialAction":[{"@type":"ReadAction","target":["https:\/\/gokartsmarmenor.es\/dia-del-piloto\/"]}]},{"@type":"BreadcrumbList","@id":"https:\/\/gokartsmarmenor.es\/dia-del-piloto\/#breadcrumb","itemListElement":[{"@type":"ListItem","position":1,"name":"Portada","item":"https:\/\/gokartsmarmenor.es\/"},{"@type":"ListItem","position":2,"name":"D\u00eda del Piloto"}]},{"@type":"WebSite","@id":"https:\/\/gokartsmarmenor.es\/#website","url":"https:\/\/gokartsmarmenor.es\/","name":"Go-Karts Mar Menor","description":"El mayor Karting de la Regi&oacute;n de Murcia","publisher":{"@id":"https:\/\/gokartsmarmenor.es\/#organization"},"potentialAction":[{"@type":"SearchAction","target":{"@type":"EntryPoint","urlTemplate":"https:\/\/gokartsmarmenor.es\/?s={search_term_string}"},"query-input":{"@type":"PropertyValueSpecification","valueRequired":true,"valueName":"search_term_string"}}],"inLanguage":"en-GB"},{"@type":"Organization","@id":"https:\/\/gokartsmarmenor.es\/#organization","name":"Go-Karts Mar Menor","url":"https:\/\/gokartsmarmenor.es\/","logo":{"@type":"ImageObject","inLanguage":"en-GB","@id":"https:\/\/gokartsmarmenor.es\/#\/schema\/logo\/image\/","url":"https:\/\/gokartsmarmenor.es\/wp-content\/uploads\/2023\/03\/LOGO-GO-KARTS-MAR-MENOR.png","contentUrl":"https:\/\/gokartsmarmenor.es\/wp-content\/uploads\/2023\/03\/LOGO-GO-KARTS-MAR-MENOR.png","width":500,"height":423,"caption":"Go-Karts Mar Menor"},"image":{"@id":"https:\/\/gokartsmarmenor.es\/#\/schema\/logo\/image\/"}}]}},"_links":{"self":[{"href":"https:\/\/gokartsmarmenor.es\/en\/wp-json\/wp\/v2\/pages\/17","targetHints":{"allow":["GET"]}}],"collection":[{"href":"https:\/\/gokartsmarmenor.es\/en\/wp-json\/wp\/v2\/pages"}],"about":[{"href":"https:\/\/gokartsmarmenor.es\/en\/wp-json\/wp\/v2\/types\/page"}],"author":[{"embeddable":true,"href":"https:\/\/gokartsmarmenor.es\/en\/wp-json\/wp\/v2\/users\/1"}],"replies":[{"embeddable":true,"href":"https:\/\/gokartsmarmenor.es\/en\/wp-json\/wp\/v2\/comments?post=17"}],"version-history":[{"count":25,"href":"https:\/\/gokartsmarmenor.es\/en\/wp-json\/wp\/v2\/pages\/17\/revisions"}],"predecessor-version":[{"id":5446,"href":"https:\/\/gokartsmarmenor.es\/en\/wp-json\/wp\/v2\/pages\/17\/revisions\/5446"}],"wp:attachment":[{"href":"https:\/\/gokartsmarmenor.es\/en\/wp-json\/wp\/v2\/media?parent=17"}],"curies":[{"name":"wp","href":"https:\/\/api.w.org\/{rel}","templated":true}]}}