{"id":19,"date":"2023-03-22T21:58:48","date_gmt":"2023-03-22T21:58:48","guid":{"rendered":"https:\/\/gokartsmarmenor.es\/?page_id=19"},"modified":"2026-03-27T07:50:56","modified_gmt":"2026-03-27T07:50:56","slug":"premium-day","status":"publish","type":"page","link":"https:\/\/gokartsmarmenor.es\/en\/premium-day\/","title":{"rendered":"Premium day"},"content":{"rendered":"<div data-elementor-type=\"wp-page\" data-elementor-id=\"19\" class=\"elementor elementor-19\" data-elementor-post-type=\"page\">\n\t\t\t\t<div class=\"elementor-element elementor-element-bcc18cf e-flex e-con-boxed e-con e-parent\" data-id=\"bcc18cf\" data-element_type=\"container\" data-e-type=\"container\" data-settings=\"{&quot;background_background&quot;:&quot;classic&quot;}\">\n\t\t\t\t\t<div class=\"e-con-inner\">\n\t\t<div class=\"elementor-element elementor-element-c8c4e51 e-flex e-con-boxed e-con e-child\" data-id=\"c8c4e51\" data-element_type=\"container\" data-e-type=\"container\">\n\t\t\t\t\t<div class=\"e-con-inner\">\n\t\t\t\t<div class=\"elementor-element elementor-element-c097736 elementor-headline--style-rotate elementor-widget elementor-widget-animated-headline\" data-id=\"c097736\" data-element_type=\"widget\" data-e-type=\"widget\" data-settings=\"{&quot;headline_style&quot;:&quot;rotate&quot;,&quot;rotating_text&quot;:&quot;DAY&quot;,&quot;animation_type&quot;:&quot;typing&quot;,&quot;rotate_iteration_delay&quot;:2500}\" data-widget_type=\"animated-headline.default\">\n\t\t\t\t<div class=\"elementor-widget-container\">\n\t\t\t\t\t\t\t<h3 class=\"elementor-headline elementor-headline-animation-type-typing elementor-headline-letters\">\n\t\t\t\t\t<span class=\"elementor-headline-plain-text elementor-headline-text-wrapper\">PREMIUM<\/span>\n\t\t\t\t<span class=\"elementor-headline-dynamic-wrapper elementor-headline-text-wrapper\">\n\t\t\t\t\t<span class=\"elementor-headline-dynamic-text elementor-headline-text-active\">\n\t\t\t\tDAY\t\t\t<\/span>\n\t\t\t\t\t\t<\/span>\n\t\t\t\t<\/h3>\n\t\t\t\t\t\t<\/div>\n\t\t\t\t<\/div>\n\t\t\t\t<div class=\"elementor-element elementor-element-59f486a elementor-widget elementor-widget-heading\" data-id=\"59f486a\" data-element_type=\"widget\" data-e-type=\"widget\" data-widget_type=\"heading.default\">\n\t\t\t\t<div class=\"elementor-widget-container\">\n\t\t\t\t\t<div class=\"elementor-heading-title elementor-size-default\">Group specials every Thursday<\/div>\t\t\t\t<\/div>\n\t\t\t\t<\/div>\n\t\t\t\t\t<\/div>\n\t\t\t\t<\/div>\n\t\t\t\t\t<\/div>\n\t\t\t\t<\/div>\n\t\t<div class=\"elementor-element elementor-element-7f2be9c e-con-full e-flex e-con e-parent\" data-id=\"7f2be9c\" data-element_type=\"container\" data-e-type=\"container\" data-settings=\"{&quot;background_background&quot;:&quot;classic&quot;}\">\n\t\t<div class=\"elementor-element elementor-element-9c858a4 e-con-full e-flex e-con e-child\" data-id=\"9c858a4\" data-element_type=\"container\" data-e-type=\"container\" data-settings=\"{&quot;background_background&quot;:&quot;classic&quot;}\">\n\t\t\t\t<\/div>\n\t\t<div class=\"elementor-element elementor-element-f2c1622 e-con-full e-flex e-con e-child\" data-id=\"f2c1622\" data-element_type=\"container\" data-e-type=\"container\">\n\t\t\t\t<div class=\"elementor-element elementor-element-ef78670 elementor-widget elementor-widget-text-editor\" data-id=\"ef78670\" data-element_type=\"widget\" data-e-type=\"widget\" data-widget_type=\"text-editor.default\">\n\t\t\t\t<div class=\"elementor-widget-container\">\n\t\t\t\t\t\t\t\t\t<p><strong>How does it work?<\/strong><\/p><p>There is a <span style=\"color: #f7bf16;\">5-minute qualifying session and a 10-lap race.<\/span>You will be able to see your times on the big screen and, when you finish, you will receive a hard copy of your lap times broken down.<\/p><p>El precio es de F200 20 \u20ac \/ persona o F300 30 \u20ac \/ persona y se requiere un <span style=\"color: #f7bf16;\">a minimum of 5 people.<\/span>.<\/p><p><strong>Who is it for?<\/strong><\/p><p>Perfect for <span style=\"color: #f7bf16;\">families, groups of friends and work colleagues.<\/span>.<\/p><p><strong>How can I take advantage of it?<\/strong><\/p><p class=\"translation-block\">This special offer is subject to <span style=\"color: #f7bf16\">prior booking<\/span>, especially if you are planning to come in a group. Contact us and we can tell you everything you need to know.<\/p>\t\t\t\t\t\t\t\t<\/div>\n\t\t\t\t<\/div>\n\t\t\t\t<div class=\"elementor-element elementor-element-62757ef elementor-widget elementor-widget-heading\" data-id=\"62757ef\" data-element_type=\"widget\" data-e-type=\"widget\" data-widget_type=\"heading.default\">\n\t\t\t\t<div class=\"elementor-widget-container\">\n\t\t\t\t\t<div class=\"elementor-heading-title elementor-size-default\">Conditions. Promotion applied exclusively to tickets per person. Not valid on public holidays, Christmas, Easter, July and August.<\/div>\t\t\t\t<\/div>\n\t\t\t\t<\/div>\n\t\t\t\t<\/div>\n\t\t\t\t<\/div>\n\t\t<div class=\"elementor-element elementor-element-e081c4b e-flex e-con-boxed e-con e-parent\" data-id=\"e081c4b\" data-element_type=\"container\" data-e-type=\"container\" data-settings=\"{&quot;background_background&quot;:&quot;classic&quot;}\">\n\t\t\t\t\t<div class=\"e-con-inner\">\n\t\t\t\t<div class=\"elementor-element elementor-element-0e53921 elementor-widget elementor-widget-template\" data-id=\"0e53921\" data-element_type=\"widget\" data-e-type=\"widget\" data-widget_type=\"template.default\">\n\t\t\t\t<div class=\"elementor-widget-container\">\n\t\t\t\t\t\t\t<div class=\"elementor-template\">\n\t\t\t\t\t<div data-elementor-type=\"container\" data-elementor-id=\"448\" class=\"elementor elementor-448\" data-elementor-post-type=\"elementor_library\">\n\t\t\t\t<div class=\"elementor-element elementor-element-c396f50 e-flex e-con-boxed e-con e-parent\" data-id=\"c396f50\" data-element_type=\"container\" data-e-type=\"container\" data-settings=\"{&quot;background_background&quot;:&quot;classic&quot;}\">\n\t\t\t\t\t<div class=\"e-con-inner\">\n\t\t<div class=\"elementor-element elementor-element-25f23d60 e-con-full e-flex e-con e-parent\" data-id=\"25f23d60\" data-element_type=\"container\" data-e-type=\"container\">\n\t\t\t\t<div class=\"elementor-element elementor-element-3d2c1cb7 elementor-widget elementor-widget-heading\" data-id=\"3d2c1cb7\" data-element_type=\"widget\" data-e-type=\"widget\" data-widget_type=\"heading.default\">\n\t\t\t\t<div class=\"elementor-widget-container\">\n\t\t\t\t\t<h2 class=\"elementor-heading-title elementor-size-default\">ENJOY THE BEST GO-KARTING EXPERIENCE IN THE ENTIRE REGION OF MURCIA<\/h2>\t\t\t\t<\/div>\n\t\t\t\t<\/div>\n\t\t\t\t<\/div>\n\t\t<div class=\"elementor-element elementor-element-35f539d0 e-con-full e-flex e-con e-parent\" data-id=\"35f539d0\" data-element_type=\"container\" data-e-type=\"container\">\n\t\t\t\t<div class=\"elementor-element elementor-element-1f942330 elementor-align-right elementor-mobile-align-center elementor-widget elementor-widget-button\" data-id=\"1f942330\" data-element_type=\"widget\" data-e-type=\"widget\" data-widget_type=\"button.default\">\n\t\t\t\t<div class=\"elementor-widget-container\">\n\t\t\t\t\t\t\t\t\t<div class=\"elementor-button-wrapper\">\n\t\t\t\t\t<a class=\"elementor-button elementor-button-link elementor-size-sm\" href=\"https:\/\/gokartsmarmenor.es\/en\/reservas\/\">\n\t\t\t\t\t\t<span class=\"elementor-button-content-wrapper\">\n\t\t\t\t\t\t\t\t\t<span class=\"elementor-button-text\">BUY TICKETS<\/span>\n\t\t\t\t\t<\/span>\n\t\t\t\t\t<\/a>\n\t\t\t\t<\/div>\n\t\t\t\t\t\t\t\t<\/div>\n\t\t\t\t<\/div>\n\t\t\t\t<\/div>\n\t\t\t\t\t<\/div>\n\t\t\t\t<\/div>\n\t\t\t\t<\/div>\n\t\t\t\t<\/div>\n\t\t\t\t\t\t<\/div>\n\t\t\t\t<\/div>\n\t\t\t\t\t<\/div>\n\t\t\t\t<\/div>\n\t\t\t\t<\/div>","protected":false},"excerpt":{"rendered":"<p>PREMIUM DAY Especial grupos cada jueves \u00bfEn qu\u00e9 consiste? Consiste en una sesi\u00f3n de 5 minutos de clasificaci\u00f3n y 10 vueltas de carrera. Podr\u00e1s contemplar tus tiempos desde la pantalla gigante y, al finalizar, recibir\u00e1s una hoja con tus tiempos detallados. El precio es de F200 20 \u20ac \/ persona o F300 30 \u20ac \/ [&hellip;]<\/p>\n","protected":false},"author":1,"featured_media":0,"parent":0,"menu_order":0,"comment_status":"closed","ping_status":"closed","template":"","meta":{"site-sidebar-layout":"no-sidebar","site-content-layout":"page-builder","ast-site-content-layout":"default","site-content-style":"default","site-sidebar-style":"default","ast-global-header-display":"","ast-banner-title-visibility":"","ast-main-header-display":"","ast-hfb-above-header-display":"","ast-hfb-below-header-display":"","ast-hfb-mobile-header-display":"","site-post-title":"disabled","ast-breadcrumbs-content":"","ast-featured-img":"disabled","footer-sml-layout":"","ast-disable-related-posts":"","theme-transparent-header-meta":"","adv-header-id-meta":"","stick-header-meta":"","header-above-stick-meta":"","header-main-stick-meta":"","header-below-stick-meta":"","astra-migrate-meta-layouts":"default","ast-page-background-enabled":"default","ast-page-background-meta":{"desktop":{"background-color":"var(--ast-global-color-4)","background-image":"","background-repeat":"repeat","background-position":"center center","background-size":"auto","background-attachment":"scroll","background-type":"","background-media":"","overlay-type":"","overlay-color":"","overlay-opacity":"","overlay-gradient":""},"tablet":{"background-color":"","background-image":"","background-repeat":"repeat","background-position":"center center","background-size":"auto","background-attachment":"scroll","background-type":"","background-media":"","overlay-type":"","overlay-color":"","overlay-opacity":"","overlay-gradient":""},"mobile":{"background-color":"","background-image":"","background-repeat":"repeat","background-position":"center center","background-size":"auto","background-attachment":"scroll","background-type":"","background-media":"","overlay-type":"","overlay-color":"","overlay-opacity":"","overlay-gradient":""}},"ast-content-background-meta":{"desktop":{"background-color":"var(--ast-global-color-5)","background-image":"","background-repeat":"repeat","background-position":"center center","background-size":"auto","background-attachment":"scroll","background-type":"","background-media":"","overlay-type":"","overlay-color":"","overlay-opacity":"","overlay-gradient":""},"tablet":{"background-color":"var(--ast-global-color-5)","background-image":"","background-repeat":"repeat","background-position":"center center","background-size":"auto","background-attachment":"scroll","background-type":"","background-media":"","overlay-type":"","overlay-color":"","overlay-opacity":"","overlay-gradient":""},"mobile":{"background-color":"var(--ast-global-color-5)","background-image":"","background-repeat":"repeat","background-position":"center center","background-size":"auto","background-attachment":"scroll","background-type":"","background-media":"","overlay-type":"","overlay-color":"","overlay-opacity":"","overlay-gradient":""}},"footnotes":""},"class_list":["post-19","page","type-page","status-publish","hentry"],"yoast_head":"<!-- This site is optimized with the Yoast SEO plugin v27.3 - https:\/\/yoast.com\/product\/yoast-seo-wordpress\/ -->\n<title>Premium day - Go-Karts Mar Menor<\/title>\n<meta name=\"robots\" content=\"index, follow, max-snippet:-1, max-image-preview:large, max-video-preview:-1\" \/>\n<link rel=\"canonical\" href=\"https:\/\/gokartsmarmenor.es\/en\/premium-day\/\" \/>\n<meta property=\"og:locale\" content=\"en_GB\" \/>\n<meta property=\"og:type\" content=\"article\" \/>\n<meta property=\"og:title\" content=\"Premium day - Go-Karts Mar Menor\" \/>\n<meta property=\"og:description\" content=\"PREMIUM DAY Especial grupos cada jueves \u00bfEn qu\u00e9 consiste? Consiste en una sesi\u00f3n de 5 minutos de clasificaci\u00f3n y 10 vueltas de carrera. Podr\u00e1s contemplar tus tiempos desde la pantalla gigante y, al finalizar, recibir\u00e1s una hoja con tus tiempos detallados. El precio es de F200 20 \u20ac \/ persona o F300 30 \u20ac \/ [&hellip;]\" \/>\n<meta property=\"og:url\" content=\"https:\/\/gokartsmarmenor.es\/en\/premium-day\/\" \/>\n<meta property=\"og:site_name\" content=\"Go-Karts Mar Menor\" \/>\n<meta property=\"article:modified_time\" content=\"2026-03-27T07:50:56+00:00\" \/>\n<meta name=\"twitter:card\" content=\"summary_large_image\" \/>\n<meta name=\"twitter:label1\" content=\"Estimated reading time\" \/>\n\t<meta name=\"twitter:data1\" content=\"1 minute\" \/>\n<script type=\"application\/ld+json\" class=\"yoast-schema-graph\">{\"@context\":\"https:\\\/\\\/schema.org\",\"@graph\":[{\"@type\":\"WebPage\",\"@id\":\"https:\\\/\\\/gokartsmarmenor.es\\\/premium-day\\\/\",\"url\":\"https:\\\/\\\/gokartsmarmenor.es\\\/premium-day\\\/\",\"name\":\"Premium day - Go-Karts Mar Menor\",\"isPartOf\":{\"@id\":\"https:\\\/\\\/gokartsmarmenor.es\\\/#website\"},\"datePublished\":\"2023-03-22T21:58:48+00:00\",\"dateModified\":\"2026-03-27T07:50:56+00:00\",\"breadcrumb\":{\"@id\":\"https:\\\/\\\/gokartsmarmenor.es\\\/premium-day\\\/#breadcrumb\"},\"inLanguage\":\"en-GB\",\"potentialAction\":[{\"@type\":\"ReadAction\",\"target\":[\"https:\\\/\\\/gokartsmarmenor.es\\\/premium-day\\\/\"]}]},{\"@type\":\"BreadcrumbList\",\"@id\":\"https:\\\/\\\/gokartsmarmenor.es\\\/premium-day\\\/#breadcrumb\",\"itemListElement\":[{\"@type\":\"ListItem\",\"position\":1,\"name\":\"Portada\",\"item\":\"https:\\\/\\\/gokartsmarmenor.es\\\/\"},{\"@type\":\"ListItem\",\"position\":2,\"name\":\"Premium day\"}]},{\"@type\":\"WebSite\",\"@id\":\"https:\\\/\\\/gokartsmarmenor.es\\\/#website\",\"url\":\"https:\\\/\\\/gokartsmarmenor.es\\\/\",\"name\":\"Go-Karts Mar Menor\",\"description\":\"El mayor Karting de la Regi&oacute;n de Murcia\",\"publisher\":{\"@id\":\"https:\\\/\\\/gokartsmarmenor.es\\\/#organization\"},\"potentialAction\":[{\"@type\":\"SearchAction\",\"target\":{\"@type\":\"EntryPoint\",\"urlTemplate\":\"https:\\\/\\\/gokartsmarmenor.es\\\/?s={search_term_string}\"},\"query-input\":{\"@type\":\"PropertyValueSpecification\",\"valueRequired\":true,\"valueName\":\"search_term_string\"}}],\"inLanguage\":\"en-GB\"},{\"@type\":\"Organization\",\"@id\":\"https:\\\/\\\/gokartsmarmenor.es\\\/#organization\",\"name\":\"Go-Karts Mar Menor\",\"url\":\"https:\\\/\\\/gokartsmarmenor.es\\\/\",\"logo\":{\"@type\":\"ImageObject\",\"inLanguage\":\"en-GB\",\"@id\":\"https:\\\/\\\/gokartsmarmenor.es\\\/#\\\/schema\\\/logo\\\/image\\\/\",\"url\":\"https:\\\/\\\/gokartsmarmenor.es\\\/wp-content\\\/uploads\\\/2023\\\/03\\\/LOGO-GO-KARTS-MAR-MENOR.png\",\"contentUrl\":\"https:\\\/\\\/gokartsmarmenor.es\\\/wp-content\\\/uploads\\\/2023\\\/03\\\/LOGO-GO-KARTS-MAR-MENOR.png\",\"width\":500,\"height\":423,\"caption\":\"Go-Karts Mar Menor\"},\"image\":{\"@id\":\"https:\\\/\\\/gokartsmarmenor.es\\\/#\\\/schema\\\/logo\\\/image\\\/\"}}]}<\/script>\n<!-- \/ Yoast SEO plugin. -->","yoast_head_json":{"title":"Premium day - Go-Karts Mar Menor","robots":{"index":"index","follow":"follow","max-snippet":"max-snippet:-1","max-image-preview":"max-image-preview:large","max-video-preview":"max-video-preview:-1"},"canonical":"https:\/\/gokartsmarmenor.es\/en\/premium-day\/","og_locale":"en_GB","og_type":"article","og_title":"Premium day - Go-Karts Mar Menor","og_description":"PREMIUM DAY Especial grupos cada jueves \u00bfEn qu\u00e9 consiste? Consiste en una sesi\u00f3n de 5 minutos de clasificaci\u00f3n y 10 vueltas de carrera. Podr\u00e1s contemplar tus tiempos desde la pantalla gigante y, al finalizar, recibir\u00e1s una hoja con tus tiempos detallados. El precio es de F200 20 \u20ac \/ persona o F300 30 \u20ac \/ [&hellip;]","og_url":"https:\/\/gokartsmarmenor.es\/en\/premium-day\/","og_site_name":"Go-Karts Mar Menor","article_modified_time":"2026-03-27T07:50:56+00:00","twitter_card":"summary_large_image","twitter_misc":{"Estimated reading time":"1 minute"},"schema":{"@context":"https:\/\/schema.org","@graph":[{"@type":"WebPage","@id":"https:\/\/gokartsmarmenor.es\/premium-day\/","url":"https:\/\/gokartsmarmenor.es\/premium-day\/","name":"Premium day - Go-Karts Mar Menor","isPartOf":{"@id":"https:\/\/gokartsmarmenor.es\/#website"},"datePublished":"2023-03-22T21:58:48+00:00","dateModified":"2026-03-27T07:50:56+00:00","breadcrumb":{"@id":"https:\/\/gokartsmarmenor.es\/premium-day\/#breadcrumb"},"inLanguage":"en-GB","potentialAction":[{"@type":"ReadAction","target":["https:\/\/gokartsmarmenor.es\/premium-day\/"]}]},{"@type":"BreadcrumbList","@id":"https:\/\/gokartsmarmenor.es\/premium-day\/#breadcrumb","itemListElement":[{"@type":"ListItem","position":1,"name":"Portada","item":"https:\/\/gokartsmarmenor.es\/"},{"@type":"ListItem","position":2,"name":"Premium day"}]},{"@type":"WebSite","@id":"https:\/\/gokartsmarmenor.es\/#website","url":"https:\/\/gokartsmarmenor.es\/","name":"Go-Karts Mar Menor","description":"El mayor Karting de la Regi&oacute;n de Murcia","publisher":{"@id":"https:\/\/gokartsmarmenor.es\/#organization"},"potentialAction":[{"@type":"SearchAction","target":{"@type":"EntryPoint","urlTemplate":"https:\/\/gokartsmarmenor.es\/?s={search_term_string}"},"query-input":{"@type":"PropertyValueSpecification","valueRequired":true,"valueName":"search_term_string"}}],"inLanguage":"en-GB"},{"@type":"Organization","@id":"https:\/\/gokartsmarmenor.es\/#organization","name":"Go-Karts Mar Menor","url":"https:\/\/gokartsmarmenor.es\/","logo":{"@type":"ImageObject","inLanguage":"en-GB","@id":"https:\/\/gokartsmarmenor.es\/#\/schema\/logo\/image\/","url":"https:\/\/gokartsmarmenor.es\/wp-content\/uploads\/2023\/03\/LOGO-GO-KARTS-MAR-MENOR.png","contentUrl":"https:\/\/gokartsmarmenor.es\/wp-content\/uploads\/2023\/03\/LOGO-GO-KARTS-MAR-MENOR.png","width":500,"height":423,"caption":"Go-Karts Mar Menor"},"image":{"@id":"https:\/\/gokartsmarmenor.es\/#\/schema\/logo\/image\/"}}]}},"_links":{"self":[{"href":"https:\/\/gokartsmarmenor.es\/en\/wp-json\/wp\/v2\/pages\/19","targetHints":{"allow":["GET"]}}],"collection":[{"href":"https:\/\/gokartsmarmenor.es\/en\/wp-json\/wp\/v2\/pages"}],"about":[{"href":"https:\/\/gokartsmarmenor.es\/en\/wp-json\/wp\/v2\/types\/page"}],"author":[{"embeddable":true,"href":"https:\/\/gokartsmarmenor.es\/en\/wp-json\/wp\/v2\/users\/1"}],"replies":[{"embeddable":true,"href":"https:\/\/gokartsmarmenor.es\/en\/wp-json\/wp\/v2\/comments?post=19"}],"version-history":[{"count":28,"href":"https:\/\/gokartsmarmenor.es\/en\/wp-json\/wp\/v2\/pages\/19\/revisions"}],"predecessor-version":[{"id":5731,"href":"https:\/\/gokartsmarmenor.es\/en\/wp-json\/wp\/v2\/pages\/19\/revisions\/5731"}],"wp:attachment":[{"href":"https:\/\/gokartsmarmenor.es\/en\/wp-json\/wp\/v2\/media?parent=19"}],"curies":[{"name":"wp","href":"https:\/\/api.w.org\/{rel}","templated":true}]}}