{"id":21,"date":"2023-03-22T21:59:03","date_gmt":"2023-03-22T21:59:03","guid":{"rendered":"https:\/\/gokartsmarmenor.es\/?page_id=21"},"modified":"2026-03-27T07:50:00","modified_gmt":"2026-03-27T07:50:00","slug":"grand-prix","status":"publish","type":"page","link":"https:\/\/gokartsmarmenor.es\/en\/grand-prix\/","title":{"rendered":"Grand Prix"},"content":{"rendered":"<div data-elementor-type=\"wp-page\" data-elementor-id=\"21\" class=\"elementor elementor-21\" data-elementor-post-type=\"page\">\n\t\t\t\t<div class=\"elementor-element elementor-element-fca1be2 e-flex e-con-boxed e-con e-parent\" data-id=\"fca1be2\" data-element_type=\"container\" data-e-type=\"container\" data-settings=\"{&quot;background_background&quot;:&quot;classic&quot;}\">\n\t\t\t\t\t<div class=\"e-con-inner\">\n\t\t<div class=\"elementor-element elementor-element-fda82b0 e-flex e-con-boxed e-con e-child\" data-id=\"fda82b0\" data-element_type=\"container\" data-e-type=\"container\">\n\t\t\t\t\t<div class=\"e-con-inner\">\n\t\t\t\t<div class=\"elementor-element elementor-element-80c0ad0 elementor-headline--style-rotate elementor-widget elementor-widget-animated-headline\" data-id=\"80c0ad0\" data-element_type=\"widget\" data-e-type=\"widget\" data-settings=\"{&quot;headline_style&quot;:&quot;rotate&quot;,&quot;rotating_text&quot;:&quot;PRIX&quot;,&quot;animation_type&quot;:&quot;typing&quot;,&quot;rotate_iteration_delay&quot;:2500}\" data-widget_type=\"animated-headline.default\">\n\t\t\t\t<div class=\"elementor-widget-container\">\n\t\t\t\t\t\t\t<h3 class=\"elementor-headline elementor-headline-animation-type-typing elementor-headline-letters\">\n\t\t\t\t\t<span class=\"elementor-headline-plain-text elementor-headline-text-wrapper\">GRAND<\/span>\n\t\t\t\t<span class=\"elementor-headline-dynamic-wrapper elementor-headline-text-wrapper\">\n\t\t\t\t\t<span class=\"elementor-headline-dynamic-text elementor-headline-text-active\">\n\t\t\t\tPRIX\t\t\t<\/span>\n\t\t\t\t\t\t<\/span>\n\t\t\t\t<\/h3>\n\t\t\t\t\t\t<\/div>\n\t\t\t\t<\/div>\n\t\t\t\t<div class=\"elementor-element elementor-element-f455271 elementor-widget elementor-widget-heading\" data-id=\"f455271\" data-element_type=\"widget\" data-e-type=\"widget\" data-widget_type=\"heading.default\">\n\t\t\t\t<div class=\"elementor-widget-container\">\n\t\t\t\t\t<div class=\"elementor-heading-title elementor-size-default\">Monthly race for VIP drivers<\/div>\t\t\t\t<\/div>\n\t\t\t\t<\/div>\n\t\t\t\t\t<\/div>\n\t\t\t\t<\/div>\n\t\t\t\t\t<\/div>\n\t\t\t\t<\/div>\n\t\t<div class=\"elementor-element elementor-element-c999808 e-con-full e-flex e-con e-parent\" data-id=\"c999808\" data-element_type=\"container\" data-e-type=\"container\" data-settings=\"{&quot;background_background&quot;:&quot;classic&quot;}\">\n\t\t<div class=\"elementor-element elementor-element-9b32a45 e-con-full e-flex e-con e-child\" data-id=\"9b32a45\" data-element_type=\"container\" data-e-type=\"container\" data-settings=\"{&quot;background_background&quot;:&quot;classic&quot;}\">\n\t\t\t\t<\/div>\n\t\t<div class=\"elementor-element elementor-element-b678afc e-con-full e-flex e-con e-child\" data-id=\"b678afc\" data-element_type=\"container\" data-e-type=\"container\">\n\t\t\t\t<div class=\"elementor-element elementor-element-f96579a elementor-widget elementor-widget-text-editor\" data-id=\"f96579a\" data-element_type=\"widget\" data-e-type=\"widget\" data-widget_type=\"text-editor.default\">\n\t\t\t\t<div class=\"elementor-widget-container\">\n\t\t\t\t\t\t\t\t\t<p><strong>How does it work?<\/strong><\/p><p><span style=\"color: #f7bf16;\">Un domingo al mes<\/span> we hold a very special race where you can compete against drivers of different levels to prove who is the fastest.<\/p><p class=\"translation-block\">The event consists of 10 minutes of qualifying and 2 10-lap races, with the layout and\/or track conditions varying monthly.<\/p><p><strong>Who is it for?<\/strong><\/p><p>For all drivers <span style=\"color: #f7bf16;\">over 16 years of age.<\/span>.<\/p><p><strong>How can I take advantage of it?<\/strong><\/p><p>All racers who are eligible to participate in the competition are part of <span style=\"color: #f7bf16;\">our exclusive WhatsApp group<\/span>. If you want to participate in this special offer, you will have to ask us to join the group.<\/p><p><span style=\"color: #f7bf16;\">There is a limit to the number of participants.<\/span> Hurry up, spaces are filling up!<\/p>\t\t\t\t\t\t\t\t<\/div>\n\t\t\t\t<\/div>\n\t\t\t\t<div class=\"elementor-element elementor-element-7b5aec6 elementor-widget elementor-widget-heading\" data-id=\"7b5aec6\" data-element_type=\"widget\" data-e-type=\"widget\" data-widget_type=\"heading.default\">\n\t\t\t\t<div class=\"elementor-widget-container\">\n\t\t\t\t\t<div class=\"elementor-heading-title elementor-size-default\">Condiciones. El coste de la carrera es de 35 \u20ac \/ persona con el kart F-200 y 45 \u20ac \/ persona con el kart de F-300. Se sortear\u00e1n los karts para mayor igualdad y habr\u00e1 trofeos en cada carrera. Ap\u00fantate llamando al 868 104 550 o al 625 555 111.<\/div>\t\t\t\t<\/div>\n\t\t\t\t<\/div>\n\t\t\t\t<\/div>\n\t\t\t\t<\/div>\n\t\t<div class=\"elementor-element elementor-element-943449b e-flex e-con-boxed e-con e-parent\" data-id=\"943449b\" data-element_type=\"container\" data-e-type=\"container\" data-settings=\"{&quot;background_background&quot;:&quot;classic&quot;}\">\n\t\t\t\t\t<div class=\"e-con-inner\">\n\t\t\t\t<div class=\"elementor-element elementor-element-eacbda1 elementor-widget elementor-widget-template\" data-id=\"eacbda1\" data-element_type=\"widget\" data-e-type=\"widget\" data-widget_type=\"template.default\">\n\t\t\t\t<div class=\"elementor-widget-container\">\n\t\t\t\t\t\t\t<div class=\"elementor-template\">\n\t\t\t\t\t<div data-elementor-type=\"container\" data-elementor-id=\"448\" class=\"elementor elementor-448\" data-elementor-post-type=\"elementor_library\">\n\t\t\t\t<div class=\"elementor-element elementor-element-c396f50 e-flex e-con-boxed e-con e-parent\" data-id=\"c396f50\" data-element_type=\"container\" data-e-type=\"container\" data-settings=\"{&quot;background_background&quot;:&quot;classic&quot;}\">\n\t\t\t\t\t<div class=\"e-con-inner\">\n\t\t<div class=\"elementor-element elementor-element-25f23d60 e-con-full e-flex e-con e-parent\" data-id=\"25f23d60\" data-element_type=\"container\" data-e-type=\"container\">\n\t\t\t\t<div class=\"elementor-element elementor-element-3d2c1cb7 elementor-widget elementor-widget-heading\" data-id=\"3d2c1cb7\" data-element_type=\"widget\" data-e-type=\"widget\" data-widget_type=\"heading.default\">\n\t\t\t\t<div class=\"elementor-widget-container\">\n\t\t\t\t\t<h2 class=\"elementor-heading-title elementor-size-default\">ENJOY THE BEST GO-KARTING EXPERIENCE IN THE ENTIRE REGION OF MURCIA<\/h2>\t\t\t\t<\/div>\n\t\t\t\t<\/div>\n\t\t\t\t<\/div>\n\t\t<div class=\"elementor-element elementor-element-35f539d0 e-con-full e-flex e-con e-parent\" data-id=\"35f539d0\" data-element_type=\"container\" data-e-type=\"container\">\n\t\t\t\t<div class=\"elementor-element elementor-element-1f942330 elementor-align-right elementor-mobile-align-center elementor-widget elementor-widget-button\" data-id=\"1f942330\" data-element_type=\"widget\" data-e-type=\"widget\" data-widget_type=\"button.default\">\n\t\t\t\t<div class=\"elementor-widget-container\">\n\t\t\t\t\t\t\t\t\t<div class=\"elementor-button-wrapper\">\n\t\t\t\t\t<a class=\"elementor-button elementor-button-link elementor-size-sm\" href=\"https:\/\/gokartsmarmenor.es\/en\/reservas\/\">\n\t\t\t\t\t\t<span class=\"elementor-button-content-wrapper\">\n\t\t\t\t\t\t\t\t\t<span class=\"elementor-button-text\">BUY TICKETS<\/span>\n\t\t\t\t\t<\/span>\n\t\t\t\t\t<\/a>\n\t\t\t\t<\/div>\n\t\t\t\t\t\t\t\t<\/div>\n\t\t\t\t<\/div>\n\t\t\t\t<\/div>\n\t\t\t\t\t<\/div>\n\t\t\t\t<\/div>\n\t\t\t\t<\/div>\n\t\t\t\t<\/div>\n\t\t\t\t\t\t<\/div>\n\t\t\t\t<\/div>\n\t\t\t\t\t<\/div>\n\t\t\t\t<\/div>\n\t\t\t\t<\/div>","protected":false},"excerpt":{"rendered":"<p>GRAND PRIX Carrera mensual para pilotos VIP \u00bfEn qu\u00e9 consiste? Un domingo al mes celebramos una carrera muy especial en la que podr\u00e1s medirte con pilotos de diferentes niveles para demostrar qui\u00e9n es el m\u00e1s r\u00e1pido. El evento consta de 10 minutos de clasificaci\u00f3n y 2 carreras de 10 vueltas cada una, variando mensualmente el [&hellip;]<\/p>\n","protected":false},"author":1,"featured_media":0,"parent":0,"menu_order":0,"comment_status":"closed","ping_status":"closed","template":"","meta":{"site-sidebar-layout":"no-sidebar","site-content-layout":"page-builder","ast-site-content-layout":"default","site-content-style":"default","site-sidebar-style":"default","ast-global-header-display":"","ast-banner-title-visibility":"","ast-main-header-display":"","ast-hfb-above-header-display":"","ast-hfb-below-header-display":"","ast-hfb-mobile-header-display":"","site-post-title":"disabled","ast-breadcrumbs-content":"","ast-featured-img":"disabled","footer-sml-layout":"","ast-disable-related-posts":"","theme-transparent-header-meta":"","adv-header-id-meta":"","stick-header-meta":"","header-above-stick-meta":"","header-main-stick-meta":"","header-below-stick-meta":"","astra-migrate-meta-layouts":"default","ast-page-background-enabled":"default","ast-page-background-meta":{"desktop":{"background-color":"var(--ast-global-color-4)","background-image":"","background-repeat":"repeat","background-position":"center center","background-size":"auto","background-attachment":"scroll","background-type":"","background-media":"","overlay-type":"","overlay-color":"","overlay-opacity":"","overlay-gradient":""},"tablet":{"background-color":"","background-image":"","background-repeat":"repeat","background-position":"center center","background-size":"auto","background-attachment":"scroll","background-type":"","background-media":"","overlay-type":"","overlay-color":"","overlay-opacity":"","overlay-gradient":""},"mobile":{"background-color":"","background-image":"","background-repeat":"repeat","background-position":"center center","background-size":"auto","background-attachment":"scroll","background-type":"","background-media":"","overlay-type":"","overlay-color":"","overlay-opacity":"","overlay-gradient":""}},"ast-content-background-meta":{"desktop":{"background-color":"var(--ast-global-color-5)","background-image":"","background-repeat":"repeat","background-position":"center center","background-size":"auto","background-attachment":"scroll","background-type":"","background-media":"","overlay-type":"","overlay-color":"","overlay-opacity":"","overlay-gradient":""},"tablet":{"background-color":"var(--ast-global-color-5)","background-image":"","background-repeat":"repeat","background-position":"center center","background-size":"auto","background-attachment":"scroll","background-type":"","background-media":"","overlay-type":"","overlay-color":"","overlay-opacity":"","overlay-gradient":""},"mobile":{"background-color":"var(--ast-global-color-5)","background-image":"","background-repeat":"repeat","background-position":"center center","background-size":"auto","background-attachment":"scroll","background-type":"","background-media":"","overlay-type":"","overlay-color":"","overlay-opacity":"","overlay-gradient":""}},"footnotes":""},"class_list":["post-21","page","type-page","status-publish","hentry"],"yoast_head":"<!-- This site is optimized with the Yoast SEO plugin v27.3 - https:\/\/yoast.com\/product\/yoast-seo-wordpress\/ -->\n<title>Grand Prix - Go-Karts Mar Menor<\/title>\n<meta name=\"robots\" content=\"index, follow, max-snippet:-1, max-image-preview:large, max-video-preview:-1\" \/>\n<link rel=\"canonical\" href=\"https:\/\/gokartsmarmenor.es\/en\/grand-prix\/\" \/>\n<meta property=\"og:locale\" content=\"en_GB\" \/>\n<meta property=\"og:type\" content=\"article\" \/>\n<meta property=\"og:title\" content=\"Grand Prix - Go-Karts Mar Menor\" \/>\n<meta property=\"og:description\" content=\"GRAND PRIX Carrera mensual para pilotos VIP \u00bfEn qu\u00e9 consiste? Un domingo al mes celebramos una carrera muy especial en la que podr\u00e1s medirte con pilotos de diferentes niveles para demostrar qui\u00e9n es el m\u00e1s r\u00e1pido. El evento consta de 10 minutos de clasificaci\u00f3n y 2 carreras de 10 vueltas cada una, variando mensualmente el [&hellip;]\" \/>\n<meta property=\"og:url\" content=\"https:\/\/gokartsmarmenor.es\/en\/grand-prix\/\" \/>\n<meta property=\"og:site_name\" content=\"Go-Karts Mar Menor\" \/>\n<meta property=\"article:modified_time\" content=\"2026-03-27T07:50:00+00:00\" \/>\n<meta name=\"twitter:card\" content=\"summary_large_image\" \/>\n<meta name=\"twitter:label1\" content=\"Estimated reading time\" \/>\n\t<meta name=\"twitter:data1\" content=\"1 minute\" \/>\n<script type=\"application\/ld+json\" class=\"yoast-schema-graph\">{\"@context\":\"https:\\\/\\\/schema.org\",\"@graph\":[{\"@type\":\"WebPage\",\"@id\":\"https:\\\/\\\/gokartsmarmenor.es\\\/grand-prix\\\/\",\"url\":\"https:\\\/\\\/gokartsmarmenor.es\\\/grand-prix\\\/\",\"name\":\"Grand Prix - Go-Karts Mar Menor\",\"isPartOf\":{\"@id\":\"https:\\\/\\\/gokartsmarmenor.es\\\/#website\"},\"datePublished\":\"2023-03-22T21:59:03+00:00\",\"dateModified\":\"2026-03-27T07:50:00+00:00\",\"breadcrumb\":{\"@id\":\"https:\\\/\\\/gokartsmarmenor.es\\\/grand-prix\\\/#breadcrumb\"},\"inLanguage\":\"en-GB\",\"potentialAction\":[{\"@type\":\"ReadAction\",\"target\":[\"https:\\\/\\\/gokartsmarmenor.es\\\/grand-prix\\\/\"]}]},{\"@type\":\"BreadcrumbList\",\"@id\":\"https:\\\/\\\/gokartsmarmenor.es\\\/grand-prix\\\/#breadcrumb\",\"itemListElement\":[{\"@type\":\"ListItem\",\"position\":1,\"name\":\"Portada\",\"item\":\"https:\\\/\\\/gokartsmarmenor.es\\\/\"},{\"@type\":\"ListItem\",\"position\":2,\"name\":\"Grand Prix\"}]},{\"@type\":\"WebSite\",\"@id\":\"https:\\\/\\\/gokartsmarmenor.es\\\/#website\",\"url\":\"https:\\\/\\\/gokartsmarmenor.es\\\/\",\"name\":\"Go-Karts Mar Menor\",\"description\":\"El mayor Karting de la Regi&oacute;n de Murcia\",\"publisher\":{\"@id\":\"https:\\\/\\\/gokartsmarmenor.es\\\/#organization\"},\"potentialAction\":[{\"@type\":\"SearchAction\",\"target\":{\"@type\":\"EntryPoint\",\"urlTemplate\":\"https:\\\/\\\/gokartsmarmenor.es\\\/?s={search_term_string}\"},\"query-input\":{\"@type\":\"PropertyValueSpecification\",\"valueRequired\":true,\"valueName\":\"search_term_string\"}}],\"inLanguage\":\"en-GB\"},{\"@type\":\"Organization\",\"@id\":\"https:\\\/\\\/gokartsmarmenor.es\\\/#organization\",\"name\":\"Go-Karts Mar Menor\",\"url\":\"https:\\\/\\\/gokartsmarmenor.es\\\/\",\"logo\":{\"@type\":\"ImageObject\",\"inLanguage\":\"en-GB\",\"@id\":\"https:\\\/\\\/gokartsmarmenor.es\\\/#\\\/schema\\\/logo\\\/image\\\/\",\"url\":\"https:\\\/\\\/gokartsmarmenor.es\\\/wp-content\\\/uploads\\\/2023\\\/03\\\/LOGO-GO-KARTS-MAR-MENOR.png\",\"contentUrl\":\"https:\\\/\\\/gokartsmarmenor.es\\\/wp-content\\\/uploads\\\/2023\\\/03\\\/LOGO-GO-KARTS-MAR-MENOR.png\",\"width\":500,\"height\":423,\"caption\":\"Go-Karts Mar Menor\"},\"image\":{\"@id\":\"https:\\\/\\\/gokartsmarmenor.es\\\/#\\\/schema\\\/logo\\\/image\\\/\"}}]}<\/script>\n<!-- \/ Yoast SEO plugin. -->","yoast_head_json":{"title":"Grand Prix - Go-Karts Mar Menor","robots":{"index":"index","follow":"follow","max-snippet":"max-snippet:-1","max-image-preview":"max-image-preview:large","max-video-preview":"max-video-preview:-1"},"canonical":"https:\/\/gokartsmarmenor.es\/en\/grand-prix\/","og_locale":"en_GB","og_type":"article","og_title":"Grand Prix - Go-Karts Mar Menor","og_description":"GRAND PRIX Carrera mensual para pilotos VIP \u00bfEn qu\u00e9 consiste? Un domingo al mes celebramos una carrera muy especial en la que podr\u00e1s medirte con pilotos de diferentes niveles para demostrar qui\u00e9n es el m\u00e1s r\u00e1pido. El evento consta de 10 minutos de clasificaci\u00f3n y 2 carreras de 10 vueltas cada una, variando mensualmente el [&hellip;]","og_url":"https:\/\/gokartsmarmenor.es\/en\/grand-prix\/","og_site_name":"Go-Karts Mar Menor","article_modified_time":"2026-03-27T07:50:00+00:00","twitter_card":"summary_large_image","twitter_misc":{"Estimated reading time":"1 minute"},"schema":{"@context":"https:\/\/schema.org","@graph":[{"@type":"WebPage","@id":"https:\/\/gokartsmarmenor.es\/grand-prix\/","url":"https:\/\/gokartsmarmenor.es\/grand-prix\/","name":"Grand Prix - Go-Karts Mar Menor","isPartOf":{"@id":"https:\/\/gokartsmarmenor.es\/#website"},"datePublished":"2023-03-22T21:59:03+00:00","dateModified":"2026-03-27T07:50:00+00:00","breadcrumb":{"@id":"https:\/\/gokartsmarmenor.es\/grand-prix\/#breadcrumb"},"inLanguage":"en-GB","potentialAction":[{"@type":"ReadAction","target":["https:\/\/gokartsmarmenor.es\/grand-prix\/"]}]},{"@type":"BreadcrumbList","@id":"https:\/\/gokartsmarmenor.es\/grand-prix\/#breadcrumb","itemListElement":[{"@type":"ListItem","position":1,"name":"Portada","item":"https:\/\/gokartsmarmenor.es\/"},{"@type":"ListItem","position":2,"name":"Grand Prix"}]},{"@type":"WebSite","@id":"https:\/\/gokartsmarmenor.es\/#website","url":"https:\/\/gokartsmarmenor.es\/","name":"Go-Karts Mar Menor","description":"El mayor Karting de la Regi&oacute;n de Murcia","publisher":{"@id":"https:\/\/gokartsmarmenor.es\/#organization"},"potentialAction":[{"@type":"SearchAction","target":{"@type":"EntryPoint","urlTemplate":"https:\/\/gokartsmarmenor.es\/?s={search_term_string}"},"query-input":{"@type":"PropertyValueSpecification","valueRequired":true,"valueName":"search_term_string"}}],"inLanguage":"en-GB"},{"@type":"Organization","@id":"https:\/\/gokartsmarmenor.es\/#organization","name":"Go-Karts Mar Menor","url":"https:\/\/gokartsmarmenor.es\/","logo":{"@type":"ImageObject","inLanguage":"en-GB","@id":"https:\/\/gokartsmarmenor.es\/#\/schema\/logo\/image\/","url":"https:\/\/gokartsmarmenor.es\/wp-content\/uploads\/2023\/03\/LOGO-GO-KARTS-MAR-MENOR.png","contentUrl":"https:\/\/gokartsmarmenor.es\/wp-content\/uploads\/2023\/03\/LOGO-GO-KARTS-MAR-MENOR.png","width":500,"height":423,"caption":"Go-Karts Mar Menor"},"image":{"@id":"https:\/\/gokartsmarmenor.es\/#\/schema\/logo\/image\/"}}]}},"_links":{"self":[{"href":"https:\/\/gokartsmarmenor.es\/en\/wp-json\/wp\/v2\/pages\/21","targetHints":{"allow":["GET"]}}],"collection":[{"href":"https:\/\/gokartsmarmenor.es\/en\/wp-json\/wp\/v2\/pages"}],"about":[{"href":"https:\/\/gokartsmarmenor.es\/en\/wp-json\/wp\/v2\/types\/page"}],"author":[{"embeddable":true,"href":"https:\/\/gokartsmarmenor.es\/en\/wp-json\/wp\/v2\/users\/1"}],"replies":[{"embeddable":true,"href":"https:\/\/gokartsmarmenor.es\/en\/wp-json\/wp\/v2\/comments?post=21"}],"version-history":[{"count":37,"href":"https:\/\/gokartsmarmenor.es\/en\/wp-json\/wp\/v2\/pages\/21\/revisions"}],"predecessor-version":[{"id":5728,"href":"https:\/\/gokartsmarmenor.es\/en\/wp-json\/wp\/v2\/pages\/21\/revisions\/5728"}],"wp:attachment":[{"href":"https:\/\/gokartsmarmenor.es\/en\/wp-json\/wp\/v2\/media?parent=21"}],"curies":[{"name":"wp","href":"https:\/\/api.w.org\/{rel}","templated":true}]}}